{"id":194,"date":"2021-02-23T07:56:46","date_gmt":"2021-02-23T14:56:46","guid":{"rendered":"https:\/\/cactuscar.com\/?page_id=194"},"modified":"2021-02-27T22:27:29","modified_gmt":"2021-02-28T05:27:29","slug":"privacy","status":"publish","type":"page","link":"https:\/\/cactuscar.com\/es\/privacy\/","title":{"rendered":"Privacidad"},"content":{"rendered":"<p>[et_pb_section fb_built=&#8221;1&#8243; _builder_version=&#8221;4.9.0&#8243; _module_preset=&#8221;default&#8221;][et_pb_row _builder_version=&#8221;4.9.0&#8243; _module_preset=&#8221;default&#8221;][et_pb_column type=&#8221;4_4&#8243; _builder_version=&#8221;4.9.0&#8243; _module_preset=&#8221;default&#8221;][et_pb_text _builder_version=&#8221;4.9.0&#8243; _module_preset=&#8221;default&#8221; text_font_size=&#8221;1px&#8221; text_letter_spacing=&#8221;3px&#8221; header_font_size=&#8221;32px&#8221; hover_enabled=&#8221;0&#8243; sticky_enabled=&#8221;0&#8243;]<\/p>\n<p style=\"text-align: center;\"><span style=\"font-size: xx-large; color: #ff0000;\"><strong>POL\u00cdTICA DE PRIVACIDAD<\/strong><\/span><\/p>\n<p>[\/et_pb_text][\/et_pb_column][\/et_pb_row][et_pb_row _builder_version=&#8221;4.9.0&#8243; _module_preset=&#8221;default&#8221;][et_pb_column type=&#8221;4_4&#8243; _builder_version=&#8221;4.9.0&#8243; _module_preset=&#8221;default&#8221;][et_pb_text _builder_version=&#8221;4.9.0&#8243; _module_preset=&#8221;default&#8221;]<\/p>\n<p><span style=\"font-size: 14px; text-align: justify;\">Cactus Auto Rentas S.A. de CV. Cactus Rent A Car con Domicilio en J. Pimentel Green Mza. 14 Lte. 03 Colonia Aeropuerto San Jos\u00e9 del Cabo Baja California Sur M\u00e9xico, le informa que sus datos personales, incluidos los sensibles, que actualmente o en el futuro se encuentren en nuestras bases de datos, ser\u00e1n tratados y\/o utilizados por: Cactus Rent A Car y\/o las empresas controlantes de estas \u00faltimas y\/o nuestras afiliadas y\/o subsidiarias y\/o aquellos terceros que por la naturaleza de sus trabajos o funciones tengan la necesidad de tratar y\/o utilizar sus datos personales; con la finalidad de dar cumplimiento a aquellas obligaciones que se deriven de la relaci\u00f3n jur\u00eddica existente entre usted como titular de los datos personales y las empresas antes mencionadas.<\/span><\/p>\n<p style=\"text-align: justify;\">\n<p style=\"text-align: justify;\">Cactus podr\u00e1 transferir los datos personales que se encuentren en sus bases de datos a cualquiera de las sociedades controlantes de \u00e9sta y\/o sus filiales y\/o subsidiarias e incluso a terceros, nacionales o extranjeros, salvo que los respectivos titulares manifiesten expresamente su oposici\u00f3n, en t\u00e9rminos de lo dispuesto en la Ley Federal de Protecci\u00f3n de Datos Personales en Posesi\u00f3n de los Particulares (la Ley).<\/p>\n<p style=\"text-align: justify;\">\n<p style=\"text-align: justify;\">Los titulares podr\u00e1n ejercer los derechos que les confiere la Ley, a partir del 6 de enero de 2012, mediante solicitud escrita, la cual deber\u00e1 presentarse en nuestras oficinas en el domicilio antes mencionado o indicado en el sitio web: www. <span style=\"color: #e02b20;\">cactuscar.com<\/span> Todas las solicitudes presentadas a Cactus, independientemente del medio utilizado por los titulares, deber\u00e1n:<\/p>\n<p style=\"text-align: justify;\">\n<ul>\n<li aria-level=\"1\"><span>Incluir el nombre y firma aut\u00f3grafa del titular, as\u00ed como un domicilio u otro medio para comunicarle la respuesta a su solicitud.<\/span><\/li>\n<li aria-level=\"1\"><span>Acompa\u00f1ar los documentos oficiales que acrediten la identidad del titular.<\/span><\/li>\n<li aria-level=\"1\"><span>Incluir una descripci\u00f3n clara y precisa de los datos personales respecto de los cuales ejercer\u00e1 los derechos que le confiere la Ley.<\/span><\/li>\n<li aria-level=\"1\"><span>Incluir cualquier elemento o documento que facilite la localizaci\u00f3n de los datos personales de que se trate.<\/span><\/li>\n<\/ul>\n<p><span><\/span><\/p>\n<p><span>Cactus Auto Rentas S.A. de C.V. se reserva el derecho de cambiar, modificar, complementar y\/o alterar el presente aviso, en cualquier momento, en cuyo caso se dar\u00e1 a conocer a trav\u00e9s de cualquiera de los medios establecidos por la legislaci\u00f3n sobre la materia.<\/span><\/p>\n<p style=\"text-align: justify;\">\n<p>[\/et_pb_text][\/et_pb_column][\/et_pb_row][\/et_pb_section]<\/p>","protected":false},"excerpt":{"rendered":"<p>PRIVACY POLICYCactus Auto Rentas S.A. of CV. Cactus Rent A Car with Address in J. Pimentel Green Mza. 14 Lte. 03 Colonia Aeropuerto San Jose del Cabo Baja California Sur Mexico, informs you that your personal data, including sensitive ones, that currently or in the future are in our databases, will be processed and \/ [&hellip;]<\/p>","protected":false},"author":2,"featured_media":0,"parent":0,"menu_order":0,"comment_status":"closed","ping_status":"closed","template":"","meta":{"_et_pb_use_builder":"on","_et_pb_old_content":"","_et_gb_content_width":"","footnotes":""},"yoast_head":"<!-- This site is optimized with the Yoast SEO plugin v22.8 - https:\/\/yoast.com\/wordpress\/plugins\/seo\/ -->\n<title>Privacy - Cactus Car<\/title>\n<meta name=\"robots\" content=\"index, follow, max-snippet:-1, max-image-preview:large, max-video-preview:-1\" \/>\n<link rel=\"canonical\" href=\"https:\/\/cactuscar.com\/es\/privacy\/\" \/>\n<meta property=\"og:locale\" content=\"es_ES\" \/>\n<meta property=\"og:type\" content=\"article\" \/>\n<meta property=\"og:title\" content=\"Privacy - Cactus Car\" \/>\n<meta property=\"og:description\" content=\"PRIVACY POLICYCactus Auto Rentas S.A. of CV. Cactus Rent A Car with Address in J. Pimentel Green Mza. 14 Lte. 03 Colonia Aeropuerto San Jose del Cabo Baja California Sur Mexico, informs you that your personal data, including sensitive ones, that currently or in the future are in our databases, will be processed and \/ [&hellip;]\" \/>\n<meta property=\"og:url\" content=\"https:\/\/cactuscar.com\/es\/privacy\/\" \/>\n<meta property=\"og:site_name\" content=\"Cactus Car\" \/>\n<meta property=\"article:publisher\" content=\"https:\/\/www.facebook.com\/cactuscar\/?locale=es_LA\" \/>\n<meta property=\"article:modified_time\" content=\"2021-02-28T05:27:29+00:00\" \/>\n<meta name=\"twitter:card\" content=\"summary_large_image\" \/>\n<meta name=\"twitter:label1\" content=\"Tiempo de lectura\" \/>\n\t<meta name=\"twitter:data1\" content=\"2 minutos\" \/>\n<script type=\"application\/ld+json\" class=\"yoast-schema-graph\">{\"@context\":\"https:\/\/schema.org\",\"@graph\":[{\"@type\":\"WebPage\",\"@id\":\"https:\/\/cactuscar.com\/privacy\/\",\"url\":\"https:\/\/cactuscar.com\/privacy\/\",\"name\":\"Privacy - Cactus Car\",\"isPartOf\":{\"@id\":\"https:\/\/cactuscar.com\/#website\"},\"datePublished\":\"2021-02-23T14:56:46+00:00\",\"dateModified\":\"2021-02-28T05:27:29+00:00\",\"breadcrumb\":{\"@id\":\"https:\/\/cactuscar.com\/privacy\/#breadcrumb\"},\"inLanguage\":\"es\",\"potentialAction\":[{\"@type\":\"ReadAction\",\"target\":[\"https:\/\/cactuscar.com\/privacy\/\"]}]},{\"@type\":\"BreadcrumbList\",\"@id\":\"https:\/\/cactuscar.com\/privacy\/#breadcrumb\",\"itemListElement\":[{\"@type\":\"ListItem\",\"position\":1,\"name\":\"Inicio\",\"item\":\"https:\/\/cactuscar.com\/\"},{\"@type\":\"ListItem\",\"position\":2,\"name\":\"Privacy\"}]},{\"@type\":\"WebSite\",\"@id\":\"https:\/\/cactuscar.com\/#website\",\"url\":\"https:\/\/cactuscar.com\/\",\"name\":\"Cactus Car\",\"description\":\"Renta de Autos en Mexico\",\"publisher\":{\"@id\":\"https:\/\/cactuscar.com\/#organization\"},\"potentialAction\":[{\"@type\":\"SearchAction\",\"target\":{\"@type\":\"EntryPoint\",\"urlTemplate\":\"https:\/\/cactuscar.com\/?s={search_term_string}\"},\"query-input\":\"required name=search_term_string\"}],\"inLanguage\":\"es\"},{\"@type\":\"Organization\",\"@id\":\"https:\/\/cactuscar.com\/#organization\",\"name\":\"Cactus Rent a Car\",\"url\":\"https:\/\/cactuscar.com\/\",\"logo\":{\"@type\":\"ImageObject\",\"inLanguage\":\"es\",\"@id\":\"https:\/\/cactuscar.com\/#\/schema\/logo\/image\/\",\"url\":\"https:\/\/cactuscar.com\/wp-content\/uploads\/2021\/02\/cropped-Logo300x300.png\",\"contentUrl\":\"https:\/\/cactuscar.com\/wp-content\/uploads\/2021\/02\/cropped-Logo300x300.png\",\"width\":512,\"height\":512,\"caption\":\"Cactus Rent a Car\"},\"image\":{\"@id\":\"https:\/\/cactuscar.com\/#\/schema\/logo\/image\/\"},\"sameAs\":[\"https:\/\/www.facebook.com\/cactuscar\/?locale=es_LA\",\"https:\/\/www.instagram.com\/cactusrentacar\/?hl=es-la\"]}]}<\/script>\n<!-- \/ Yoast SEO plugin. -->","yoast_head_json":{"title":"Privacy - Cactus Car","robots":{"index":"index","follow":"follow","max-snippet":"max-snippet:-1","max-image-preview":"max-image-preview:large","max-video-preview":"max-video-preview:-1"},"canonical":"https:\/\/cactuscar.com\/es\/privacy\/","og_locale":"es_ES","og_type":"article","og_title":"Privacy - Cactus Car","og_description":"PRIVACY POLICYCactus Auto Rentas S.A. of CV. Cactus Rent A Car with Address in J. Pimentel Green Mza. 14 Lte. 03 Colonia Aeropuerto San Jose del Cabo Baja California Sur Mexico, informs you that your personal data, including sensitive ones, that currently or in the future are in our databases, will be processed and \/ [&hellip;]","og_url":"https:\/\/cactuscar.com\/es\/privacy\/","og_site_name":"Cactus Car","article_publisher":"https:\/\/www.facebook.com\/cactuscar\/?locale=es_LA","article_modified_time":"2021-02-28T05:27:29+00:00","twitter_card":"summary_large_image","twitter_misc":{"Tiempo de lectura":"2 minutos"},"schema":{"@context":"https:\/\/schema.org","@graph":[{"@type":"WebPage","@id":"https:\/\/cactuscar.com\/privacy\/","url":"https:\/\/cactuscar.com\/privacy\/","name":"Privacy - Cactus Car","isPartOf":{"@id":"https:\/\/cactuscar.com\/#website"},"datePublished":"2021-02-23T14:56:46+00:00","dateModified":"2021-02-28T05:27:29+00:00","breadcrumb":{"@id":"https:\/\/cactuscar.com\/privacy\/#breadcrumb"},"inLanguage":"es","potentialAction":[{"@type":"ReadAction","target":["https:\/\/cactuscar.com\/privacy\/"]}]},{"@type":"BreadcrumbList","@id":"https:\/\/cactuscar.com\/privacy\/#breadcrumb","itemListElement":[{"@type":"ListItem","position":1,"name":"Inicio","item":"https:\/\/cactuscar.com\/"},{"@type":"ListItem","position":2,"name":"Privacy"}]},{"@type":"WebSite","@id":"https:\/\/cactuscar.com\/#website","url":"https:\/\/cactuscar.com\/","name":"Cactus Car","description":"Renta de Autos en Mexico","publisher":{"@id":"https:\/\/cactuscar.com\/#organization"},"potentialAction":[{"@type":"SearchAction","target":{"@type":"EntryPoint","urlTemplate":"https:\/\/cactuscar.com\/?s={search_term_string}"},"query-input":"required name=search_term_string"}],"inLanguage":"es"},{"@type":"Organization","@id":"https:\/\/cactuscar.com\/#organization","name":"Cactus Rent a Car","url":"https:\/\/cactuscar.com\/","logo":{"@type":"ImageObject","inLanguage":"es","@id":"https:\/\/cactuscar.com\/#\/schema\/logo\/image\/","url":"https:\/\/cactuscar.com\/wp-content\/uploads\/2021\/02\/cropped-Logo300x300.png","contentUrl":"https:\/\/cactuscar.com\/wp-content\/uploads\/2021\/02\/cropped-Logo300x300.png","width":512,"height":512,"caption":"Cactus Rent a Car"},"image":{"@id":"https:\/\/cactuscar.com\/#\/schema\/logo\/image\/"},"sameAs":["https:\/\/www.facebook.com\/cactuscar\/?locale=es_LA","https:\/\/www.instagram.com\/cactusrentacar\/?hl=es-la"]}]}},"_links":{"self":[{"href":"https:\/\/cactuscar.com\/es\/wp-json\/wp\/v2\/pages\/194"}],"collection":[{"href":"https:\/\/cactuscar.com\/es\/wp-json\/wp\/v2\/pages"}],"about":[{"href":"https:\/\/cactuscar.com\/es\/wp-json\/wp\/v2\/types\/page"}],"author":[{"embeddable":true,"href":"https:\/\/cactuscar.com\/es\/wp-json\/wp\/v2\/users\/2"}],"replies":[{"embeddable":true,"href":"https:\/\/cactuscar.com\/es\/wp-json\/wp\/v2\/comments?post=194"}],"version-history":[{"count":10,"href":"https:\/\/cactuscar.com\/es\/wp-json\/wp\/v2\/pages\/194\/revisions"}],"predecessor-version":[{"id":843,"href":"https:\/\/cactuscar.com\/es\/wp-json\/wp\/v2\/pages\/194\/revisions\/843"}],"wp:attachment":[{"href":"https:\/\/cactuscar.com\/es\/wp-json\/wp\/v2\/media?parent=194"}],"curies":[{"name":"wp","href":"https:\/\/api.w.org\/{rel}","templated":true}]}}