{"id":198,"date":"2021-02-23T07:57:43","date_gmt":"2021-02-23T14:57:43","guid":{"rendered":"https:\/\/cactuscar.com\/?page_id=198"},"modified":"2023-07-26T14:12:40","modified_gmt":"2023-07-26T21:12:40","slug":"terms","status":"publish","type":"page","link":"https:\/\/cactuscar.com\/es\/terms\/","title":{"rendered":"T\u00e9rminos"},"content":{"rendered":"<p>[et_pb_section fb_built=&#8221;1&#8243; _builder_version=&#8221;4.9.0&#8243; _module_preset=&#8221;default&#8221; global_colors_info=&#8221;{}&#8221;][et_pb_row _builder_version=&#8221;4.9.0&#8243; _module_preset=&#8221;default&#8221; global_colors_info=&#8221;{}&#8221;][et_pb_column type=&#8221;4_4&#8243; _builder_version=&#8221;4.9.0&#8243; _module_preset=&#8221;default&#8221; global_colors_info=&#8221;{}&#8221;][et_pb_text _builder_version=&#8221;4.9.0&#8243; _module_preset=&#8221;default&#8221; global_colors_info=&#8221;{}&#8221;]<\/p>\n<p style=\"text-align: center;\"><span style=\"font-size: xx-large; color: #ff0000;\"><strong>T\u00c9RMINOS DE USO<\/strong><\/span><\/p>\n<p>[\/et_pb_text][et_pb_text _builder_version=&#8221;4.11.0&#8243; _module_preset=&#8221;default&#8221; hover_enabled=&#8221;0&#8243; global_colors_info=&#8221;{}&#8221; sticky_enabled=&#8221;0&#8243;]<\/p>\n<p><strong>PRIMERO. Consentir. <\/strong>Mediante este contrato, el arrendador se obliga a ceder el uso y goce temporal del veh\u00edculo, por lo que el arrendatario deber\u00e1 pagar un precio cierto y determinado.<\/p>\n<p><strong>SEGUNDO. Objeto. <\/strong>El objeto material de este contrato es el veh\u00edculo que se describe en el Anexo de este contrato, por lo que las caracter\u00edsticas, condiciones, repuestos y documentos generales del veh\u00edculo arrendado se detallan en el mencionado documento.<\/p>\n<p><strong>TERCERO. Condiciones del veh\u00edculo arrendado. <\/strong>En consecuencia, el arrendatario recibe el veh\u00edculo arrendado, el cual se encuentra en \u00f3ptimas condiciones mec\u00e1nicas y de carrocer\u00eda, las cuales se mencionan en el respectivo inventario. Acordando las partes que el veh\u00edculo se entregar\u00e1 con el kilometraje sellado, el uso y disfrute del veh\u00edculo se destinar\u00e1 exclusivamente a la finalidad pactada por los contratantes. En caso de que el uso y disfrute est\u00e9 destinado \u00fanicamente al transporte del arrendatario y sus acompa\u00f1antes deber\u00e1 indicarse por escrito para la debida informaci\u00f3n de las partes. Asimismo, el arrendatario recibe, salvo vicios ocultos, el veh\u00edculo a su entera satisfacci\u00f3n, por lo que se obliga al arrendador a pagar al t\u00e9rmino del contrato, a precios de mercado, los accesorios y piezas faltantes del veh\u00edculo arrendado en el momento de la entrega. la entrega de los mismos.<\/p>\n<p><strong>CUATRO. Lugar de entrega y recepci\u00f3n del veh\u00edculo. <\/strong>El arrendador deber\u00e1 entregar el veh\u00edculo arrendado en el lugar previamente pactado entre las partes, respetando la entrega en el d\u00eda y hora indicados en el anexo de este contrato. El arrendatario, al final de la vigencia de este documento, deber\u00e1 entregar el veh\u00edculo, en las mismas condiciones en que lo recibi\u00f3 salvo desgaste, en el d\u00eda y en los horarios se\u00f1alados al efecto, oblig\u00e1ndose a entregar el veh\u00edculo al arrendador en el lugar que las partes determinen al efecto.<\/p>\n<p><strong>QUINTO. Plazo del arrendamiento. <\/strong>La vigencia de este contrato ser\u00e1 la indicada en el Anexo de este documento, la cual no podr\u00e1 prorrogarse salvo con el pleno consentimiento de ambas partes expresado en un nuevo contrato de arrendamiento.<\/p>\n<p><strong>SEXTO. Precio de arrendamiento. <\/strong>El arrendatario, por el uso y goce temporal del veh\u00edculo arrendado, deber\u00e1 pagar una cantidad cierta y determinada en moneda nacional, sin perjuicio de que las partes puedan pactar el pago en moneda extranjera de conformidad con las leyes aplicables, lo cual se establece en el Anexo de este contrato. El arrendatario se compromete a no exigir el cobro de ning\u00fan cargo que no est\u00e9 contemplado en este contrato.<\/p>\n<p><strong>S\u00c9PTIMO. Modalidades de pago. <\/strong>El arrendatario podr\u00e1 pagar el alquiler del veh\u00edculo en efectivo en el domicilio del arrendador, con tarjeta bancaria, transferencia electr\u00f3nica o cualquier otra forma de pago acordada por las partes. El precio total del arrendamiento se calcular\u00e1 teniendo en cuenta el costo del alquiler diario o el kilometraje, seg\u00fan lo solicite el consumidor. La renta comenzar\u00e1 a computarse desde el momento en que el arrendatario est\u00e9 en plena disposici\u00f3n del veh\u00edculo arrendado y hasta la fecha en que el arrendador lo reciba a su entera satisfacci\u00f3n.<\/p>\n<p>En el caso de que el arrendatario hubiera contratado el arrendamiento del veh\u00edculo por kil\u00f3metros recorridos, estos vendr\u00e1n determinados por la lectura del kilometraje, registrado en el dispositivo instalado de f\u00e1brica en el veh\u00edculo (cuentakil\u00f3metros), estipulando las partes que hacen, durante el t\u00e9rmino del contrato de arrendamiento, si se produjera alg\u00fan da\u00f1o o rotura de los protectores de dicho sistema, por culpa o negligencia del arrendatario, la renta se calcular\u00e1 teniendo en cuenta la tarifa de alquiler por d\u00eda que se establece en el anexo de este contrato, durante el tiempo en que el veh\u00edculo est\u00e9 en posesi\u00f3n del arrendatario.<\/p>\n<p><strong>OCTAVO. Deposito en garantia. <\/strong>El arrendatario se obliga a entregar al arrendador la cantidad indicada en el anexo de este contrato en concepto de dep\u00f3sito de garant\u00eda para el cumplimiento de la obligaci\u00f3n de pago principal. En consecuencia, el arrendador deber\u00e1 expedir un recibo por dicha cantidad en el que conste: el nombre o raz\u00f3n social del mismo, fecha y monto del dep\u00f3sito, nombre y firma de quien lo recibe. este recibo<\/p>\n<p>\u00a0Servir\u00e1 como prueba de cambio para que al t\u00e9rmino del contrato el arrendador entregue la cantidad depositada dentro de las 24 horas siguientes a la recepci\u00f3n del veh\u00edculo conforme, en caso contrario se aplicar\u00e1 este dep\u00f3sito para liquidar los saldos si los hubiere o para pagar las reposiciones de faltantes. y la reparaci\u00f3n de los da\u00f1os, cuando hayan sido debidamente acreditados por el arrendador, en el entendido de que \u00e9ste podr\u00e1 exigir, judicial o extrajudicialmente, el pago de una cantidad adicional si la fianza fuere insuficiente para cubrir la reposici\u00f3n de faltantes y la reparaci\u00f3n de saldos<\/p>\n<p><strong>NOVENO. Devoluci\u00f3n del veh\u00edculo. <\/strong>El arrendatario se obliga a devolver el veh\u00edculo arrendado al finalizar la vigencia del presente contrato en las mismas condiciones en que lo recibi\u00f3, salvo el desgaste propio del uso normal del veh\u00edculo durante el arrendamiento. Las partes acuerdan que la entrega del veh\u00edculo arrendado se realizar\u00e1 en la fecha, lugar y hora determinados en el anexo de este contrato. En caso de que el veh\u00edculo no sea entregado en los t\u00e9rminos indicados, el arrendatario podr\u00e1 entregarlo m\u00e1s tarde, previo acuerdo de las partes, abonando por este retraso el importe del alquiler seg\u00fan la tarifa pactada por el tiempo que tarde en entregar el veh\u00edculo. en la fecha y hora determinadas; Si el retraso en la entrega del veh\u00edculo corresponde a la hora, el arrendatario s\u00f3lo estar\u00e1 obligado a pagar la parte proporcional del incumplimiento.<\/p>\n<p><strong>D\u00c9CIMO. Prohibici\u00f3n al veh\u00edculo arrendado de salir de la Rep\u00fablica. <\/strong>Sin el consentimiento previo por escrito del arrendador, el veh\u00edculo arrendado no podr\u00e1 salir de los l\u00edmites de la Rep\u00fablica Mexicana; En caso de incumplimiento de lo anterior, el arrendador podr\u00e1 resolver el presente contrato, recuperando el veh\u00edculo en las condiciones y estado en que se encuentra, siendo el arrendatario el pago de la penalizaci\u00f3n convencional correspondiente, m\u00e1s los gastos de recuperaci\u00f3n. del veh\u00edculo debidamente comprobado por el arrendador.<\/p>\n<p><strong>UND\u00c9CIMO. Derechos y obligaciones de las partes. <\/strong>Las partes contratantes reconocen como derechos exigibles el cumplimiento de todas las disposiciones del presente contrato, regulando su consentimiento por la observancia de las siguientes obligaciones:<\/p>\n<p>En cumplimiento de este contrato, el arrendador se compromete a:<\/p>\n<ol>\n<li>Entregar el veh\u00edculo arrendado en \u00f3ptimas condiciones de uso, considerando el combustible necesario<\/li>\n<li>para este prop\u00f3sito; el d\u00eda, hora y lugar convenido por las partes.<\/li>\n<li>Recibir el veh\u00edculo sin condici\u00f3n alguna de pago del l\u00edmite de gasolina, en el entendido de que el veh\u00edculo bajo ninguna circunstancia debe ser entregado por el arrendatario con un nivel de gasolina inferior a la cuarta parte del tanque.<\/li>\n<li>Recibir el veh\u00edculo arrendado, indicando al arrendatario, en su caso, que recibe el veh\u00edculo a su entera satisfacci\u00f3n; En caso contrario, deber\u00e1 hacer constar en el acto de recepci\u00f3n los motivos de su tr\u00e1mite.<\/li>\n<li>Devolver al arrendatario, dentro del plazo se\u00f1alado al efecto, la cantidad otorgada en concepto de dep\u00f3sito de garant\u00eda.<\/li>\n<\/ol>\n<p>A los efectos del presente contrato, son obligaciones del arrendatario:<\/p>\n<ol>\n<li>Pagar al arrendador la renta pactada del veh\u00edculo arrendado en tiempo y forma, sin requisitos de pago y en las condiciones establecidas en este contrato.<\/li>\n<li>Conducir, en todo momento, el veh\u00edculo arrendado, al amparo de la respectiva licencia, otorgada por las autoridades competentes; respetando las Normas y Leyes de Tr\u00e1nsito a nivel Federal, Local o Municipal.<\/li>\n<li>No conduzca el veh\u00edculo en estado de ebriedad o bajo la influencia de drogas.<\/li>\n<li>No utilice el veh\u00edculo con fines lucrativos, ni lo subarrenda.<\/li>\n<li>No utilice el veh\u00edculo arrendado para arrastrar remolques y no lo sobrecargue, us\u00e1ndolo de acuerdo a su resistencia y capacidad normal.<\/li>\n<li>Mantenga el veh\u00edculo en el estado en que lo recibi\u00f3, excepto por el desgaste normal.<\/li>\n<li>No conduzca dentro del veh\u00edculo materiales explosivos o inflamables, drogas o estupefacientes.<\/li>\n<li>Pagar el importe de las sanciones que se hubieren impuesto por infracci\u00f3n al Reglamento de Tr\u00e1nsito, incluso despu\u00e9s de la terminaci\u00f3n del contrato, si la infracci\u00f3n se origin\u00f3 durante el tiempo en que el veh\u00edculo arrendado estuvo a disposici\u00f3n del arrendatario.<\/li>\n<li>No utilice el veh\u00edculo de forma diferente a la acordada.<\/li>\n<li>No subarrendar el veh\u00edculo objeto de este contrato a terceros sin el consentimiento previo del arrendador.<\/li>\n<\/ol>\n<p><strong>DUOD\u00c9CIMO. Seguro de veh\u00edculo. <\/strong>El arrendador se obliga a ofrecer en arrendamiento los veh\u00edculos que est\u00e9n asegurados con la compa\u00f1\u00eda de seguros que m\u00e1s convenga a sus intereses; En caso de siniestro, el arrendatario ser\u00e1 responsable de pagar los gastos de funcionamiento del seguro (Deducible) en todo momento mientras el veh\u00edculo est\u00e9 disponible. Es responsabilidad del arrendador informar al arrendatario de los t\u00e9rminos y condiciones en que operar\u00e1 el seguro, no obstante durante el arrendamiento el arrendatario ser\u00e1 responsable de los da\u00f1os a terceros, as\u00ed como de los da\u00f1os a personas o cosas que viajen en su interior. el veh\u00edculo, por lo que se obliga en este acto a informar al arrendador de cualquier hecho descrito anteriormente.<\/p>\n<p><strong>DECIMOTERCERO. Caso fortuito o fuerza mayor. <\/strong>Las partes contratantes reconocen que no habr\u00e1 responsabilidad de las partes si este contrato se incumple por caso fortuito o fuerza mayor; no obstante, si durante la vigencia de este documento se produjera alg\u00fan da\u00f1o en el veh\u00edculo por estos mismos supuestos, el arrendatario se obliga a notificarlo al arrendador ya las autoridades competentes el mismo d\u00eda en que tenga conocimiento del hecho. El retraso en la notificaci\u00f3n ser\u00e1 considerado como incumplimiento de contrato, por lo que el arrendatario ser\u00e1 responsable de indemnizar los da\u00f1os y perjuicios que el arrendador haya sufrido a causa de dicho da\u00f1o.<\/p>\n<p><strong>DECIMOCUARTO. Objetos dejados en el veh\u00edculo arrendado. <\/strong>Al momento de entregar el veh\u00edculo arrendado, ser\u00e1 responsabilidad del arrendatario verificar que no haya objetos personales en el veh\u00edculo, de lo contrario el arrendador no ser\u00e1 responsable por los objetos dejados en el veh\u00edculo, ni por el da\u00f1o o dem\u00e9rito. que se puedan ocasionar cuando se transporten dentro del mismo veh\u00edculo.<\/p>\n<p><strong>DECIMOQUINTO. da\u00f1os mecanicos. <\/strong>En caso de que se produzca alg\u00fan da\u00f1o mec\u00e1nico o el\u00e9ctrico en el veh\u00edculo o la p\u00e9rdida de sus llaves, el arrendatario deber\u00e1 comunicarlo al arrendador dentro de las dos primeras horas siguientes, subsistiendo en todo caso las responsabilidades del arrendatario en caso de que el da\u00f1o ha sido causado por un hecho que le es imputable.<\/p>\n<p>En este caso, el arrendador se obliga a sustituir dicho veh\u00edculo al arrendatario por otro en buen estado, teniendo en cuenta las caracter\u00edsticas del veh\u00edculo arrendado, dentro de las dos horas siguientes a que el arrendatario haya comunicado su aver\u00eda, siempre que el veh\u00edculo se encuentre en la localidad donde se encuentra. estaba arrendado o en el domicilio del arrendador, tambi\u00e9n se compromete a bonificar el cargo del alquiler por el tiempo que el arrendatario no haya podido utilizar el veh\u00edculo por aver\u00eda no imputable a \u00e9l. El plazo expresado en este p\u00e1rrafo podr\u00e1 ser prorrogado, a voluntad de las partes, cuando el arrendador acredite el incumplimiento de la obligaci\u00f3n antes se\u00f1alada por causas ajenas a su voluntad.<\/p>\n<p>En caso de p\u00e9rdida de las llaves, el arrendador enviar\u00e1 al arrendatario un duplicado de las mismas dentro de las dos horas siguientes al momento en que tenga conocimiento de la p\u00e9rdida de las mismas, o de que el veh\u00edculo estaba cerrado con las llaves en su interior, siempre que el veh\u00edculo tambi\u00e9n est\u00e9 dentro del mismo lugar mencionado en el p\u00e1rrafo anterior.<\/p>\n<p><strong>DECIMOSEXTA. <\/strong><strong>Cancelaci\u00f3n del contrato de arrendamiento. <\/strong>El arrendatario tiene derecho a rescindir el arrendamiento regulado en este contrato en cualquier momento, siempre que la rescisi\u00f3n se realice dentro de los cinco d\u00edas siguientes a la firma de este contrato y antes del inicio del plazo del arrendamiento. En este caso, la cancelaci\u00f3n ser\u00e1 sin responsabilidad alguna, debiendo el arrendador devolver \u00edntegramente todas las cantidades que el arrendatario haya entregado, en un plazo de 2 d\u00edas h\u00e1biles.<\/p>\n<p><strong>DECIMOS\u00c9PTIMA. <\/strong><strong>Causas de Terminaci\u00f3n. <\/strong>Las partes manifiestan su voluntad de aceptar que la rescisi\u00f3n operar\u00e1 en caso de incumplimiento de las obligaciones contenidas en este contrato.<\/p>\n<p><strong>DECIMOCTAVA. <\/strong><strong>Pena convencional. <\/strong>La penalizaci\u00f3n convencional ser\u00e1 del 20% del importe total determinado como precio de alquiler del veh\u00edculo.<\/p>\n<p><strong>DECIMONOVENA. <\/strong><strong>Reclamos y quejas. <\/strong>Las partes acuerdan que el arrendatario podr\u00e1 dirigir cualquier reclamaci\u00f3n o queja sobre el servicio al correo electr\u00f3nico del arrendador facilitado en el anexo de este contrato o, en su defecto, presentarla en la direcci\u00f3n descrita en el citado documento en cualquier circunstancia, el arrendador deber\u00e1 responder al arrendatario en un plazo no mayor a dos d\u00edas h\u00e1biles contados a partir de la recepci\u00f3n de la reclamaci\u00f3n o denuncia.<\/p>\n<p><strong>VIG\u00c9SIMO. direcciones <\/strong>. A los efectos de este contrato, los domicilios de las partes son los que se relacionan en el anexo de este contrato.<\/p>\n<p><strong>VEINTIUNO. Contrataci\u00f3n por medios electr\u00f3nicos. <\/strong>Las partes acuerdan que en lugar de una firma manuscrita original, este contrato, as\u00ed como cualquier consentimiento, aprobaci\u00f3n u otros documentos relacionados con el mismo, podr\u00e1n firmarse mediante el uso de medios electr\u00f3nicos, digitales, num\u00e9ricos, alfanum\u00e9ricos, de voz, biom\u00e9tricos o de cualquier otra forma. y que este medio alternativo de firma y los registros donde se apliquen dichas firmas, ser\u00e1n considerados para todos los efectos, incluyendo pero no limitados a los civiles, comerciales, de protecci\u00f3n al consumidor y la NOM-151-SCFI-2016, con la misma fuerza y \u200b\u200bconsecuencias como la firma aut\u00f3grafa f\u00edsica original de la parte firmante. Si el contrato o cualquier otro documento relacionado con el mismo se firma por medios electr\u00f3nicos o digitales, las partes acuerdan que los formatos del contrato y dem\u00e1s documentos as\u00ed suscritos se conservar\u00e1n y estar\u00e1n a disposici\u00f3n del Arrendatario, por lo que acuerdan que cada uno, cualquier y toda la informaci\u00f3n enviada por el Arrendador a la direcci\u00f3n de correo electr\u00f3nico facilitada por el Arrendatario en el momento de la celebraci\u00f3n del presente contrato se considerar\u00e1 entregada en el momento de su env\u00edo, siempre que exista acuse de recibo.<\/p>\n<p><strong>VIGESIMO SEGUNDO. <\/strong><strong>Competencia Administrativa. <\/strong>La Procuradur\u00eda Federal del Consumidor es competente en v\u00eda administrativa para resolver cualquier controversia que pudiera surgir respecto de la interpretaci\u00f3n o cumplimiento del presente contrato. Sin perjuicio de lo anterior, las partes se someten a la jurisdicci\u00f3n de los Juzgados y Tribunales competentes de BAJA CALIFORNIA SUR, con renuncia expresa a cualquier otro fuero que pudiera corresponderles, en raz\u00f3n de sus domicilios presentes o futuros o por cualquier otra raz\u00f3n.<\/p>\n<p><strong>VIG\u00c9SIMO TERCERO. <\/strong><strong>Notice of Privacy. <\/strong>Las partes acuerdan que la informaci\u00f3n contenida en este contrato s\u00f3lo podr\u00e1 ser utilizada para los fines de este acto jur\u00eddico, por lo que cualquier uso distinto al pactado ser\u00e1 considerado incumplimiento de contrato.<\/p>\n<p>[\/et_pb_text][\/et_pb_column][\/et_pb_row][\/et_pb_section]<\/p>","protected":false},"excerpt":{"rendered":"<p>USE TERMSFIRST. Consent. Through this contract, the lessor agrees to grant the temporary use and enjoyment of the vehicle, for which the lessee must pay a certain and determined price. SECOND. Object. The material object of this contract is the vehicle that is described in the Annex to this contract, so the characteristics, conditions, spare [&hellip;]<\/p>","protected":false},"author":2,"featured_media":0,"parent":0,"menu_order":0,"comment_status":"closed","ping_status":"closed","template":"","meta":{"_et_pb_use_builder":"on","_et_pb_old_content":"","_et_gb_content_width":"","footnotes":""},"yoast_head":"<!-- This site is optimized with the Yoast SEO plugin v22.8 - https:\/\/yoast.com\/wordpress\/plugins\/seo\/ -->\n<title>Terms - Cactus Car<\/title>\n<meta name=\"robots\" content=\"index, follow, max-snippet:-1, max-image-preview:large, max-video-preview:-1\" \/>\n<link rel=\"canonical\" href=\"https:\/\/cactuscar.com\/es\/terms\/\" \/>\n<meta property=\"og:locale\" content=\"es_ES\" \/>\n<meta property=\"og:type\" content=\"article\" \/>\n<meta property=\"og:title\" content=\"Terms - Cactus Car\" \/>\n<meta property=\"og:description\" content=\"USE TERMSFIRST. Consent. Through this contract, the lessor agrees to grant the temporary use and enjoyment of the vehicle, for which the lessee must pay a certain and determined price. SECOND. Object. The material object of this contract is the vehicle that is described in the Annex to this contract, so the characteristics, conditions, spare [&hellip;]\" \/>\n<meta property=\"og:url\" content=\"https:\/\/cactuscar.com\/es\/terms\/\" \/>\n<meta property=\"og:site_name\" content=\"Cactus Car\" \/>\n<meta property=\"article:publisher\" content=\"https:\/\/www.facebook.com\/cactuscar\/?locale=es_LA\" \/>\n<meta property=\"article:modified_time\" content=\"2023-07-26T21:12:40+00:00\" \/>\n<meta name=\"twitter:card\" content=\"summary_large_image\" \/>\n<meta name=\"twitter:label1\" content=\"Tiempo de lectura\" \/>\n\t<meta name=\"twitter:data1\" content=\"12 minutos\" \/>\n<script type=\"application\/ld+json\" class=\"yoast-schema-graph\">{\"@context\":\"https:\/\/schema.org\",\"@graph\":[{\"@type\":\"WebPage\",\"@id\":\"https:\/\/cactuscar.com\/terms\/\",\"url\":\"https:\/\/cactuscar.com\/terms\/\",\"name\":\"Terms - Cactus Car\",\"isPartOf\":{\"@id\":\"https:\/\/cactuscar.com\/#website\"},\"datePublished\":\"2021-02-23T14:57:43+00:00\",\"dateModified\":\"2023-07-26T21:12:40+00:00\",\"breadcrumb\":{\"@id\":\"https:\/\/cactuscar.com\/terms\/#breadcrumb\"},\"inLanguage\":\"es\",\"potentialAction\":[{\"@type\":\"ReadAction\",\"target\":[\"https:\/\/cactuscar.com\/terms\/\"]}]},{\"@type\":\"BreadcrumbList\",\"@id\":\"https:\/\/cactuscar.com\/terms\/#breadcrumb\",\"itemListElement\":[{\"@type\":\"ListItem\",\"position\":1,\"name\":\"Inicio\",\"item\":\"https:\/\/cactuscar.com\/\"},{\"@type\":\"ListItem\",\"position\":2,\"name\":\"Terms\"}]},{\"@type\":\"WebSite\",\"@id\":\"https:\/\/cactuscar.com\/#website\",\"url\":\"https:\/\/cactuscar.com\/\",\"name\":\"Cactus Car\",\"description\":\"Renta de Autos en Mexico\",\"publisher\":{\"@id\":\"https:\/\/cactuscar.com\/#organization\"},\"potentialAction\":[{\"@type\":\"SearchAction\",\"target\":{\"@type\":\"EntryPoint\",\"urlTemplate\":\"https:\/\/cactuscar.com\/?s={search_term_string}\"},\"query-input\":\"required name=search_term_string\"}],\"inLanguage\":\"es\"},{\"@type\":\"Organization\",\"@id\":\"https:\/\/cactuscar.com\/#organization\",\"name\":\"Cactus Rent a Car\",\"url\":\"https:\/\/cactuscar.com\/\",\"logo\":{\"@type\":\"ImageObject\",\"inLanguage\":\"es\",\"@id\":\"https:\/\/cactuscar.com\/#\/schema\/logo\/image\/\",\"url\":\"https:\/\/cactuscar.com\/wp-content\/uploads\/2021\/02\/cropped-Logo300x300.png\",\"contentUrl\":\"https:\/\/cactuscar.com\/wp-content\/uploads\/2021\/02\/cropped-Logo300x300.png\",\"width\":512,\"height\":512,\"caption\":\"Cactus Rent a Car\"},\"image\":{\"@id\":\"https:\/\/cactuscar.com\/#\/schema\/logo\/image\/\"},\"sameAs\":[\"https:\/\/www.facebook.com\/cactuscar\/?locale=es_LA\",\"https:\/\/www.instagram.com\/cactusrentacar\/?hl=es-la\"]}]}<\/script>\n<!-- \/ Yoast SEO plugin. -->","yoast_head_json":{"title":"Terms - Cactus Car","robots":{"index":"index","follow":"follow","max-snippet":"max-snippet:-1","max-image-preview":"max-image-preview:large","max-video-preview":"max-video-preview:-1"},"canonical":"https:\/\/cactuscar.com\/es\/terms\/","og_locale":"es_ES","og_type":"article","og_title":"Terms - Cactus Car","og_description":"USE TERMSFIRST. Consent. Through this contract, the lessor agrees to grant the temporary use and enjoyment of the vehicle, for which the lessee must pay a certain and determined price. SECOND. Object. The material object of this contract is the vehicle that is described in the Annex to this contract, so the characteristics, conditions, spare [&hellip;]","og_url":"https:\/\/cactuscar.com\/es\/terms\/","og_site_name":"Cactus Car","article_publisher":"https:\/\/www.facebook.com\/cactuscar\/?locale=es_LA","article_modified_time":"2023-07-26T21:12:40+00:00","twitter_card":"summary_large_image","twitter_misc":{"Tiempo de lectura":"12 minutos"},"schema":{"@context":"https:\/\/schema.org","@graph":[{"@type":"WebPage","@id":"https:\/\/cactuscar.com\/terms\/","url":"https:\/\/cactuscar.com\/terms\/","name":"Terms - Cactus Car","isPartOf":{"@id":"https:\/\/cactuscar.com\/#website"},"datePublished":"2021-02-23T14:57:43+00:00","dateModified":"2023-07-26T21:12:40+00:00","breadcrumb":{"@id":"https:\/\/cactuscar.com\/terms\/#breadcrumb"},"inLanguage":"es","potentialAction":[{"@type":"ReadAction","target":["https:\/\/cactuscar.com\/terms\/"]}]},{"@type":"BreadcrumbList","@id":"https:\/\/cactuscar.com\/terms\/#breadcrumb","itemListElement":[{"@type":"ListItem","position":1,"name":"Inicio","item":"https:\/\/cactuscar.com\/"},{"@type":"ListItem","position":2,"name":"Terms"}]},{"@type":"WebSite","@id":"https:\/\/cactuscar.com\/#website","url":"https:\/\/cactuscar.com\/","name":"Cactus Car","description":"Renta de Autos en Mexico","publisher":{"@id":"https:\/\/cactuscar.com\/#organization"},"potentialAction":[{"@type":"SearchAction","target":{"@type":"EntryPoint","urlTemplate":"https:\/\/cactuscar.com\/?s={search_term_string}"},"query-input":"required name=search_term_string"}],"inLanguage":"es"},{"@type":"Organization","@id":"https:\/\/cactuscar.com\/#organization","name":"Cactus Rent a Car","url":"https:\/\/cactuscar.com\/","logo":{"@type":"ImageObject","inLanguage":"es","@id":"https:\/\/cactuscar.com\/#\/schema\/logo\/image\/","url":"https:\/\/cactuscar.com\/wp-content\/uploads\/2021\/02\/cropped-Logo300x300.png","contentUrl":"https:\/\/cactuscar.com\/wp-content\/uploads\/2021\/02\/cropped-Logo300x300.png","width":512,"height":512,"caption":"Cactus Rent a Car"},"image":{"@id":"https:\/\/cactuscar.com\/#\/schema\/logo\/image\/"},"sameAs":["https:\/\/www.facebook.com\/cactuscar\/?locale=es_LA","https:\/\/www.instagram.com\/cactusrentacar\/?hl=es-la"]}]}},"_links":{"self":[{"href":"https:\/\/cactuscar.com\/es\/wp-json\/wp\/v2\/pages\/198"}],"collection":[{"href":"https:\/\/cactuscar.com\/es\/wp-json\/wp\/v2\/pages"}],"about":[{"href":"https:\/\/cactuscar.com\/es\/wp-json\/wp\/v2\/types\/page"}],"author":[{"embeddable":true,"href":"https:\/\/cactuscar.com\/es\/wp-json\/wp\/v2\/users\/2"}],"replies":[{"embeddable":true,"href":"https:\/\/cactuscar.com\/es\/wp-json\/wp\/v2\/comments?post=198"}],"version-history":[{"count":8,"href":"https:\/\/cactuscar.com\/es\/wp-json\/wp\/v2\/pages\/198\/revisions"}],"predecessor-version":[{"id":20226,"href":"https:\/\/cactuscar.com\/es\/wp-json\/wp\/v2\/pages\/198\/revisions\/20226"}],"wp:attachment":[{"href":"https:\/\/cactuscar.com\/es\/wp-json\/wp\/v2\/media?parent=198"}],"curies":[{"name":"wp","href":"https:\/\/api.w.org\/{rel}","templated":true}]}}