{"id":20409,"date":"2023-08-03T13:25:49","date_gmt":"2023-08-03T20:25:49","guid":{"rendered":"https:\/\/cactuscar.com\/?page_id=20409"},"modified":"2023-08-03T13:42:19","modified_gmt":"2023-08-03T20:42:19","slug":"requisitos-para-rentar","status":"publish","type":"page","link":"https:\/\/cactuscar.com\/es\/requisitos-para-rentar\/","title":{"rendered":"Requisitos para Rentar"},"content":{"rendered":"<p>[et_pb_section fb_built=&#8221;1&#8243; admin_label=&#8221;Section&#8221; _builder_version=&#8221;4.11.0&#8243; _module_preset=&#8221;default&#8221; background_image=&#8221;https:\/\/cactuscar.com\/wp-content\/uploads\/2023\/08\/20221106_100043-scaled.jpg&#8221; global_colors_info=&#8221;{}&#8221;][et_pb_row _builder_version=&#8221;4.9.0&#8243; _module_preset=&#8221;default&#8221; global_colors_info=&#8221;{}&#8221;][et_pb_column type=&#8221;4_4&#8243; _builder_version=&#8221;4.9.0&#8243; _module_preset=&#8221;default&#8221; global_colors_info=&#8221;{}&#8221;][et_pb_text _builder_version=&#8221;4.11.0&#8243; _module_preset=&#8221;default&#8221; background_enable_image=&#8221;off&#8221; global_colors_info=&#8221;{}&#8221;]<\/p>\n<p style=\"text-align: center;\"><span style=\"font-size: xx-large; color: #000000;\"><strong>Requisitos para Rentar<\/strong><\/span><\/p>\n<p>[\/et_pb_text][et_pb_text _builder_version=&#8221;4.11.0&#8243; _module_preset=&#8221;default&#8221; global_colors_info=&#8221;{}&#8221;]<\/p>\n<h3>M\u00e9todo de pago:<\/h3>\n<h3>tarjetas de cr\u00e9dito o d\u00e9bito y efectivo (Visa, Mastercard y American Express)<\/h3>\n<h3>\u00a0<\/h3>\n<h3>Dep\u00f3sito:<\/h3>\n<h3>Es posible que se requiera un dep\u00f3sito seg\u00fan el tipo de tarjeta de cr\u00e9dito que tenga. El dep\u00f3sito puede variar de 5.000 pesos a 20.000 pesos. El dep\u00f3sito se puede evitar tomando un seguro LDW en el mostrador.<\/h3>\n<h3>\u00a0<\/h3>\n<h3><strong>Tarjetas que requieren dep\u00f3sito (bancos Fintech, Coppel, Banco Azteca, apple credit card, tarjetas de cr\u00e9dito virtuales)<\/strong><\/h3>\n<h3>\u00a0<\/h3>\n<h3>Edad requerida<\/h3>\n<h3>La edad requerida es 25 &#8211; 80<\/h3>\n<h3>El conductor adicional tiene un costo de 5 USD y debe tener un m\u00ednimo de 25 a\u00f1os de edad.<\/h3>\n<h3>\u00a0<\/h3>\n<h3>Cobertura Adicional<\/h3>\n<h3>Los carros Cactus incluyen impuestos y seguro obligatorio aqu\u00ed en M\u00e9xico de responsabilidad civil con hasta 4,000,000 de pesos de cobertura.<\/h3>\n<h3>\u00a0<\/h3>\n<h3>\u00bfQu\u00e9 es el seguro de \u00a0responsabilidad?<\/h3>\n<h3>La responsabilidad es el seguro obligatorio aqu\u00ed en M\u00e9xico que cubre si chocas contra los autos o la propiedad de otras personas. No cubre el coche que has alquilado.<\/h3>\n<h3><strong>Seguro Opcional<\/strong><\/h3>\n<h3>El seguro CDW significa Cobertura de da\u00f1os por colisi\u00f3n y cubre el autom\u00f3vil alquilado hasta en un 90 %. Usted solo es responsable del 10 % de deducible, pero este seguro solo funciona si el autom\u00f3vil es p\u00e9rdida total o robo total o parcial y no cubre da\u00f1os menores.<\/h3>\n<h3>\u00a0<\/h3>\n<h3>El seguro LDW significa Cobertura de da\u00f1os por p\u00e9rdida y cubre el 100 % del veh\u00edculo del que es responsable, con un deducible del 0 %, lo que significa que el autom\u00f3vil est\u00e1 cubierto por completo.<\/h3>\n<h3>\u00a0<\/h3>\n<h3><strong>Estos no est\u00e1n cubiertos por ning\u00fan seguro<\/strong><\/h3>\n<h3><strong>Parabrisas, multas de tr\u00e1nsito, interiores del veh\u00edculo, llantas, robo parcial, negligencia.<\/strong><\/h3>\n<h3>\u00a0<\/h3>\n<h3>Costo del seguro<\/h3>\n<h3>CDW es de 25 USD se aplica a todas las unidades<\/h3>\n<h3>LDW es de 35 USD unidades peque\u00f1as: compactas, medianas, intermedias, grandes, Mini Suv.<\/h3>\n<h3>LDW es de 45 USD unidades grandes: SUV, SUV 4X4, Minivans, Jeeps wrangler, suburbans, Vans.<\/h3>\n<h3>\u00a0<\/h3>\n<h3>Asientos de coche y asientos elevados<\/h3>\n<h3>El costo de un asiento de autom\u00f3vil o un asiento elevado es de 5 USD por d\u00eda, los asientos de autom\u00f3vil son para ni\u00f1os de 2 a 4 a\u00f1os con un peso de 10 a 20 kg.<\/h3>\n<h3>\u00a0<\/h3>\n<h3>Regreso Anticipado<\/h3>\n<h3>En caso de devoluci\u00f3n anticipada lo que se aplica es un cup\u00f3n para tu pr\u00f3ximo alquiler. No se aplicar\u00e1 ning\u00fan reembolso.<\/h3>\n<h3>\u00a0<\/h3>\n<h3>Cancelaciones<\/h3>\n<h3>\u00a0<\/h3>\n<h3>La cancelaci\u00f3n es gratuita y puede realizarla en nuestro sitio web www.cactuscar.com, tambi\u00e9n puede hacerlo a trav\u00e9s del correo electr\u00f3nico reserve@cactuscar.com o tambi\u00e9n llamando al +52 624 146 1839. La cancelaci\u00f3n debe realizarse antes de comenzar su alquiler.<\/h3>\n<p>[\/et_pb_text][\/et_pb_column][\/et_pb_row][\/et_pb_section]<\/p>","protected":false},"excerpt":{"rendered":"<p>Requisitos para RentarM\u00e9todo de pago: tarjetas de cr\u00e9dito o d\u00e9bito y efectivo (Visa, Mastercard y American Express) \u00a0 Dep\u00f3sito: Es posible que se requiera un dep\u00f3sito seg\u00fan el tipo de tarjeta de cr\u00e9dito que tenga. El dep\u00f3sito puede variar de 5.000 pesos a 20.000 pesos. El dep\u00f3sito se puede evitar tomando un seguro LDW en [&hellip;]<\/p>","protected":false},"author":10,"featured_media":0,"parent":0,"menu_order":0,"comment_status":"closed","ping_status":"closed","template":"","meta":{"_et_pb_use_builder":"on","_et_pb_old_content":"","_et_gb_content_width":"","footnotes":""},"yoast_head":"<!-- This site is optimized with the Yoast SEO plugin v22.8 - https:\/\/yoast.com\/wordpress\/plugins\/seo\/ -->\n<title>Requisitos para Rentar - Cactus Car<\/title>\n<meta name=\"robots\" content=\"index, follow, max-snippet:-1, max-image-preview:large, max-video-preview:-1\" \/>\n<link rel=\"canonical\" href=\"https:\/\/cactuscar.com\/es\/requisitos-para-rentar\/\" \/>\n<meta property=\"og:locale\" content=\"es_ES\" \/>\n<meta property=\"og:type\" content=\"article\" \/>\n<meta property=\"og:title\" content=\"Requisitos para Rentar - Cactus Car\" \/>\n<meta property=\"og:description\" content=\"Requisitos para RentarM\u00e9todo de pago: tarjetas de cr\u00e9dito o d\u00e9bito y efectivo (Visa, Mastercard y American Express) \u00a0 Dep\u00f3sito: Es posible que se requiera un dep\u00f3sito seg\u00fan el tipo de tarjeta de cr\u00e9dito que tenga. El dep\u00f3sito puede variar de 5.000 pesos a 20.000 pesos. El dep\u00f3sito se puede evitar tomando un seguro LDW en [&hellip;]\" \/>\n<meta property=\"og:url\" content=\"https:\/\/cactuscar.com\/es\/requisitos-para-rentar\/\" \/>\n<meta property=\"og:site_name\" content=\"Cactus Car\" \/>\n<meta property=\"article:publisher\" content=\"https:\/\/www.facebook.com\/cactuscar\/?locale=es_LA\" \/>\n<meta property=\"article:modified_time\" content=\"2023-08-03T20:42:19+00:00\" \/>\n<meta name=\"twitter:card\" content=\"summary_large_image\" \/>\n<meta name=\"twitter:label1\" content=\"Tiempo de lectura\" \/>\n\t<meta name=\"twitter:data1\" content=\"3 minutos\" \/>\n<script type=\"application\/ld+json\" class=\"yoast-schema-graph\">{\"@context\":\"https:\/\/schema.org\",\"@graph\":[{\"@type\":\"WebPage\",\"@id\":\"https:\/\/cactuscar.com\/requisitos-para-rentar\/\",\"url\":\"https:\/\/cactuscar.com\/requisitos-para-rentar\/\",\"name\":\"Requisitos para Rentar - Cactus Car\",\"isPartOf\":{\"@id\":\"https:\/\/cactuscar.com\/#website\"},\"datePublished\":\"2023-08-03T20:25:49+00:00\",\"dateModified\":\"2023-08-03T20:42:19+00:00\",\"breadcrumb\":{\"@id\":\"https:\/\/cactuscar.com\/requisitos-para-rentar\/#breadcrumb\"},\"inLanguage\":\"es\",\"potentialAction\":[{\"@type\":\"ReadAction\",\"target\":[\"https:\/\/cactuscar.com\/requisitos-para-rentar\/\"]}]},{\"@type\":\"BreadcrumbList\",\"@id\":\"https:\/\/cactuscar.com\/requisitos-para-rentar\/#breadcrumb\",\"itemListElement\":[{\"@type\":\"ListItem\",\"position\":1,\"name\":\"Inicio\",\"item\":\"https:\/\/cactuscar.com\/\"},{\"@type\":\"ListItem\",\"position\":2,\"name\":\"Requisitos para Rentar\"}]},{\"@type\":\"WebSite\",\"@id\":\"https:\/\/cactuscar.com\/#website\",\"url\":\"https:\/\/cactuscar.com\/\",\"name\":\"Cactus Car\",\"description\":\"Renta de Autos en Mexico\",\"publisher\":{\"@id\":\"https:\/\/cactuscar.com\/#organization\"},\"potentialAction\":[{\"@type\":\"SearchAction\",\"target\":{\"@type\":\"EntryPoint\",\"urlTemplate\":\"https:\/\/cactuscar.com\/?s={search_term_string}\"},\"query-input\":\"required name=search_term_string\"}],\"inLanguage\":\"es\"},{\"@type\":\"Organization\",\"@id\":\"https:\/\/cactuscar.com\/#organization\",\"name\":\"Cactus Rent a Car\",\"url\":\"https:\/\/cactuscar.com\/\",\"logo\":{\"@type\":\"ImageObject\",\"inLanguage\":\"es\",\"@id\":\"https:\/\/cactuscar.com\/#\/schema\/logo\/image\/\",\"url\":\"https:\/\/cactuscar.com\/wp-content\/uploads\/2021\/02\/cropped-Logo300x300.png\",\"contentUrl\":\"https:\/\/cactuscar.com\/wp-content\/uploads\/2021\/02\/cropped-Logo300x300.png\",\"width\":512,\"height\":512,\"caption\":\"Cactus Rent a Car\"},\"image\":{\"@id\":\"https:\/\/cactuscar.com\/#\/schema\/logo\/image\/\"},\"sameAs\":[\"https:\/\/www.facebook.com\/cactuscar\/?locale=es_LA\",\"https:\/\/www.instagram.com\/cactusrentacar\/?hl=es-la\"]}]}<\/script>\n<!-- \/ Yoast SEO plugin. -->","yoast_head_json":{"title":"Requisitos para Rentar - Cactus Car","robots":{"index":"index","follow":"follow","max-snippet":"max-snippet:-1","max-image-preview":"max-image-preview:large","max-video-preview":"max-video-preview:-1"},"canonical":"https:\/\/cactuscar.com\/es\/requisitos-para-rentar\/","og_locale":"es_ES","og_type":"article","og_title":"Requisitos para Rentar - Cactus Car","og_description":"Requisitos para RentarM\u00e9todo de pago: tarjetas de cr\u00e9dito o d\u00e9bito y efectivo (Visa, Mastercard y American Express) \u00a0 Dep\u00f3sito: Es posible que se requiera un dep\u00f3sito seg\u00fan el tipo de tarjeta de cr\u00e9dito que tenga. El dep\u00f3sito puede variar de 5.000 pesos a 20.000 pesos. El dep\u00f3sito se puede evitar tomando un seguro LDW en [&hellip;]","og_url":"https:\/\/cactuscar.com\/es\/requisitos-para-rentar\/","og_site_name":"Cactus Car","article_publisher":"https:\/\/www.facebook.com\/cactuscar\/?locale=es_LA","article_modified_time":"2023-08-03T20:42:19+00:00","twitter_card":"summary_large_image","twitter_misc":{"Tiempo de lectura":"3 minutos"},"schema":{"@context":"https:\/\/schema.org","@graph":[{"@type":"WebPage","@id":"https:\/\/cactuscar.com\/requisitos-para-rentar\/","url":"https:\/\/cactuscar.com\/requisitos-para-rentar\/","name":"Requisitos para Rentar - Cactus Car","isPartOf":{"@id":"https:\/\/cactuscar.com\/#website"},"datePublished":"2023-08-03T20:25:49+00:00","dateModified":"2023-08-03T20:42:19+00:00","breadcrumb":{"@id":"https:\/\/cactuscar.com\/requisitos-para-rentar\/#breadcrumb"},"inLanguage":"es","potentialAction":[{"@type":"ReadAction","target":["https:\/\/cactuscar.com\/requisitos-para-rentar\/"]}]},{"@type":"BreadcrumbList","@id":"https:\/\/cactuscar.com\/requisitos-para-rentar\/#breadcrumb","itemListElement":[{"@type":"ListItem","position":1,"name":"Inicio","item":"https:\/\/cactuscar.com\/"},{"@type":"ListItem","position":2,"name":"Requisitos para Rentar"}]},{"@type":"WebSite","@id":"https:\/\/cactuscar.com\/#website","url":"https:\/\/cactuscar.com\/","name":"Cactus Car","description":"Renta de Autos en Mexico","publisher":{"@id":"https:\/\/cactuscar.com\/#organization"},"potentialAction":[{"@type":"SearchAction","target":{"@type":"EntryPoint","urlTemplate":"https:\/\/cactuscar.com\/?s={search_term_string}"},"query-input":"required name=search_term_string"}],"inLanguage":"es"},{"@type":"Organization","@id":"https:\/\/cactuscar.com\/#organization","name":"Cactus Rent a Car","url":"https:\/\/cactuscar.com\/","logo":{"@type":"ImageObject","inLanguage":"es","@id":"https:\/\/cactuscar.com\/#\/schema\/logo\/image\/","url":"https:\/\/cactuscar.com\/wp-content\/uploads\/2021\/02\/cropped-Logo300x300.png","contentUrl":"https:\/\/cactuscar.com\/wp-content\/uploads\/2021\/02\/cropped-Logo300x300.png","width":512,"height":512,"caption":"Cactus Rent a Car"},"image":{"@id":"https:\/\/cactuscar.com\/#\/schema\/logo\/image\/"},"sameAs":["https:\/\/www.facebook.com\/cactuscar\/?locale=es_LA","https:\/\/www.instagram.com\/cactusrentacar\/?hl=es-la"]}]}},"_links":{"self":[{"href":"https:\/\/cactuscar.com\/es\/wp-json\/wp\/v2\/pages\/20409"}],"collection":[{"href":"https:\/\/cactuscar.com\/es\/wp-json\/wp\/v2\/pages"}],"about":[{"href":"https:\/\/cactuscar.com\/es\/wp-json\/wp\/v2\/types\/page"}],"author":[{"embeddable":true,"href":"https:\/\/cactuscar.com\/es\/wp-json\/wp\/v2\/users\/10"}],"replies":[{"embeddable":true,"href":"https:\/\/cactuscar.com\/es\/wp-json\/wp\/v2\/comments?post=20409"}],"version-history":[{"count":31,"href":"https:\/\/cactuscar.com\/es\/wp-json\/wp\/v2\/pages\/20409\/revisions"}],"predecessor-version":[{"id":20459,"href":"https:\/\/cactuscar.com\/es\/wp-json\/wp\/v2\/pages\/20409\/revisions\/20459"}],"wp:attachment":[{"href":"https:\/\/cactuscar.com\/es\/wp-json\/wp\/v2\/media?parent=20409"}],"curies":[{"name":"wp","href":"https:\/\/api.w.org\/{rel}","templated":true}]}}