{"id":20433,"date":"2023-08-03T13:23:40","date_gmt":"2023-08-03T20:23:40","guid":{"rendered":"https:\/\/cactuscar.com\/?page_id=20433"},"modified":"2025-06-30T15:16:03","modified_gmt":"2025-06-30T22:16:03","slug":"requirements-to-rent","status":"publish","type":"page","link":"https:\/\/cactuscar.com\/es\/requirements-to-rent\/","title":{"rendered":"Requisitos para Rentar"},"content":{"rendered":"<p>[et_pb_section fb_built=&#8221;1&#8243; admin_label=&#8221;Section&#8221; _builder_version=&#8221;4.11.0&#8243; _module_preset=&#8221;default&#8221; background_enable_image=&#8221;off&#8221; global_colors_info=&#8221;{}&#8221;][et_pb_row _builder_version=&#8221;4.9.0&#8243; _module_preset=&#8221;default&#8221; global_colors_info=&#8221;{}&#8221;][et_pb_column type=&#8221;4_4&#8243; _builder_version=&#8221;4.9.0&#8243; _module_preset=&#8221;default&#8221; global_colors_info=&#8221;{}&#8221;][et_pb_text _builder_version=&#8221;4.11.0&#8243; _module_preset=&#8221;default&#8221; background_enable_image=&#8221;off&#8221; global_colors_info=&#8221;{}&#8221;]<\/p>\n<p style=\"text-align: center;\"><span style=\"font-size: xx-large; color: #ff0000;\"><strong><span style=\"color: #000000;\">\u00a0Requisitos para Rentar<\/span><br \/>\n<\/strong><\/span><\/p>\n<p>[\/et_pb_text][et_pb_text _builder_version=&#8221;4.11.0&#8243; _module_preset=&#8221;default&#8221; hover_enabled=&#8221;0&#8243; global_colors_info=&#8221;{}&#8221; sticky_enabled=&#8221;0&#8243;]<\/p>\n<h3><span style=\"color: #000000;\">M\u00e9todos de pago<\/span><\/h3>\n<h3><span style=\"color: #000000;\">Tarjetas de cr\u00e9dito, debito (VISA, mastercard y american express) y dinero en efectivo<\/span><\/h3>\n<p>&nbsp;<\/p>\n<h3><span style=\"color: #000000;\">Dep\u00f3sito<\/span><\/h3>\n<h3><span style=\"color: #000000;\">A deposit may be required depending on the type of credit card that you have. The deposit may vary from 500.00 to 2,500.00 usd. The deposit may be avoided by taking LDW insurance at the counter.<\/span><\/h3>\n<h3><em><strong>Cards that require a deposit (Fintech banks, Coppel, Banco Azteca, apple credit card)<\/strong><\/em><\/h3>\n<h3><strong>Deposit for type of vehicle:<\/strong><\/h3>\n<h3>\u2022 Compact car, Mid size car, Intermediate car, Full size car ($10 mil pesos or $500 usd)<\/h3>\n<h3>\u2022\u2060 \u00a0\u2060Mini suv, Mid size Suv, Jeeps, Minivan, Van utility, pickup truck, \u00a0($15 mil pesos or $750)<\/h3>\n<h3>\u2022\u2060 \u00a0\u2060Suburban Luxury ($50 mil pesos or $2500 usd)<\/h3>\n<h3><em><strong><span style=\"color: #000000;\">\u00a0<\/span><\/strong><\/em><\/h3>\n<p>&nbsp;<\/p>\n<h3><span style=\"color: #000000;\">Edad requerida<\/span><\/h3>\n<h3><span style=\"color: #000000;\">La edad requerida es de 25 a 80 a\u00f1os<\/span><\/h3>\n<h3><span style=\"color: #000000;\">Conductor adicional tiene un costo de 5 USD y debe tener un m\u00ednimo de 25 a\u00f1os<\/span><\/h3>\n<p>&nbsp;<\/p>\n<h3><span style=\"color: #000000;\">Cobertura adicional<\/span><\/h3>\n<h3><span style=\"color: #000000;\">Los carros Cactus incluyen impuestos y seguro obligatorio aqu\u00ed en M\u00e9xico de responsabilidad civil con hasta 4,000,000 de pesos de cobertura.<\/span><\/h3>\n<p>&nbsp;<\/p>\n<h3><span style=\"color: #000000;\">\u00bfQu\u00e9 es la responsabilidad?<\/span><\/h3>\n<h3><span style=\"color: #000000;\">La responsabilidad es el seguro obligatorio aqu\u00ed en M\u00e9xico que cubre si chocas contra los autos o la propiedad de otras personas. No cubre el coche que has alquilado. <\/span><\/h3>\n<h3>\u00a0<\/h3>\n<h2><em><strong><span style=\"color: #000000;\">Seguro Opcional:<\/span><\/strong><\/em><\/h2>\n<h3><span style=\"color: #000000;\">La cobertura CDW significa Exenci\u00f3n de da\u00f1os por colisi\u00f3n y cubre el autom\u00f3vil alquilado hasta en un 90 %. Usted solo es responsable del 10 % de deducible, pero este seguro solo funciona si el autom\u00f3vil es total o robado y no cubre rasgu\u00f1os menores.<\/span><\/h3>\n<h3><span style=\"color: #000000;\">La cobertura LDW significa Exenci\u00f3n de da\u00f1os por p\u00e9rdida y cubre el 100 % del veh\u00edculo del que es responsable, con un deducible del 0 %, lo que significa que el autom\u00f3vil est\u00e1 cubierto por completo.<\/span><\/h3>\n<h3><em><strong><span style=\"color: #000000;\">Estos no est\u00e1n cubiertos por ning\u00fan seguro;<\/span><\/strong><\/em><\/h3>\n<h3><em><strong><span style=\"color: #000000;\">Parabrisas, multas de tr\u00e1nsito, llaves, interiores del veh\u00edculo, llantas, robo parcial, negligencia.<\/span><\/strong><\/em><\/h3>\n<p>&nbsp;<\/p>\n<h3><span style=\"color: #000000;\">Cost of Insurance per day<br \/><\/span><\/h3>\n<h3><span style=\"color: #000000;\">CDW es de 25 USD se aplica a todas las unidades<\/span><\/h3>\n<h3><span style=\"color: #000000;\">LDW is 45 USD small units: compact, midsize, intermediate, full size, Mini Suv.<\/span><\/h3>\n<h3><span style=\"color: #000000;\">LDW is 65 USD big units: SUV, SUV 4X4, Minivans, Jeeps wrangler, suburbans, Vans.<\/span><\/h3>\n<p>&nbsp;<\/p>\n<h3><span style=\"color: #000000;\">Asientos de coche y asientos elevados<\/span><\/h3>\n<h3><span style=\"color: #000000;\">The cost for a car seat or a booster seat is 8 USD per day, the car seats are for 2 to 4 years old with a weight of 22 to 44 pounds<\/span><\/h3>\n<p>&nbsp;<\/p>\n<h3><span style=\"color: #000000;\">Regreso Anticipado<\/span><\/h3>\n<h3><span style=\"color: #000000;\">En caso de devoluci\u00f3n anticipada lo que se aplica es un cup\u00f3n para tu pr\u00f3ximo alquiler. No se aplicar\u00e1 ning\u00fan reembolso.<\/span><\/h3>\n<p>&nbsp;<\/p>\n<h3><span style=\"color: #000000;\">Cancelaciones<\/span><\/h3>\n<h3><span style=\"color: #000000;\">La cancelaci\u00f3n es gratuita y puedes realizarla en nuestra web <a style=\"color: #000000;\" href=\"https:\/\/cactuscar.com\/es\/\"><u>www.cactuscar.com<\/u><\/a>, tambi\u00e9n se puede hacer a trav\u00e9s de correo electr\u00f3nico <a style=\"color: #000000;\" href=\"mailto:reserve@cactuscar.com\">reserve@cactuscar.com <\/a>o tambi\u00e9n llame al +52 624 146 1839. La cancelaci\u00f3n debe realizarse antes de comenzar su alquiler.<\/span><\/h3>\n<p>[\/et_pb_text][\/et_pb_column][\/et_pb_row][\/et_pb_section]<\/p>","protected":false},"excerpt":{"rendered":"<p>\u00a0Requirements to Rent Payment Method: credit or debit cards and cash (Visa, Mastercard, and American Express) &nbsp; Deposit: A deposit may be required depending on the type of credit card that you have. The deposit may vary from 500.00 to 2,500.00 usd. The deposit may be avoided by taking LDW insurance at the counter. Cards [&hellip;]<\/p>","protected":false},"author":10,"featured_media":0,"parent":0,"menu_order":0,"comment_status":"closed","ping_status":"closed","template":"","meta":{"_et_pb_use_builder":"on","_et_pb_old_content":"","_et_gb_content_width":"","footnotes":""},"yoast_head":"<!-- This site is optimized with the Yoast SEO plugin v22.8 - https:\/\/yoast.com\/wordpress\/plugins\/seo\/ -->\n<title>Requirements to Rent - Cactus Car<\/title>\n<meta name=\"robots\" content=\"index, follow, max-snippet:-1, max-image-preview:large, max-video-preview:-1\" \/>\n<link rel=\"canonical\" href=\"https:\/\/cactuscar.com\/es\/requirements-to-rent\/\" \/>\n<meta property=\"og:locale\" content=\"es_ES\" \/>\n<meta property=\"og:type\" content=\"article\" \/>\n<meta property=\"og:title\" content=\"Requirements to Rent - Cactus Car\" \/>\n<meta property=\"og:description\" content=\"\u00a0Requirements to Rent Payment Method: credit or debit cards and cash (Visa, Mastercard, and American Express) &nbsp; Deposit: A deposit may be required depending on the type of credit card that you have. The deposit may vary from 500.00 to 2,500.00 usd. The deposit may be avoided by taking LDW insurance at the counter. Cards [&hellip;]\" \/>\n<meta property=\"og:url\" content=\"https:\/\/cactuscar.com\/es\/requirements-to-rent\/\" \/>\n<meta property=\"og:site_name\" content=\"Cactus Car\" \/>\n<meta property=\"article:publisher\" content=\"https:\/\/www.facebook.com\/cactuscar\/?locale=es_LA\" \/>\n<meta property=\"article:modified_time\" content=\"2025-06-30T22:16:03+00:00\" \/>\n<meta name=\"twitter:card\" content=\"summary_large_image\" \/>\n<meta name=\"twitter:label1\" content=\"Tiempo de lectura\" \/>\n\t<meta name=\"twitter:data1\" content=\"2 minutos\" \/>\n<script type=\"application\/ld+json\" class=\"yoast-schema-graph\">{\"@context\":\"https:\/\/schema.org\",\"@graph\":[{\"@type\":\"WebPage\",\"@id\":\"https:\/\/cactuscar.com\/requirements-to-rent\/\",\"url\":\"https:\/\/cactuscar.com\/requirements-to-rent\/\",\"name\":\"Requirements to Rent - Cactus Car\",\"isPartOf\":{\"@id\":\"https:\/\/cactuscar.com\/#website\"},\"datePublished\":\"2023-08-03T20:23:40+00:00\",\"dateModified\":\"2025-06-30T22:16:03+00:00\",\"breadcrumb\":{\"@id\":\"https:\/\/cactuscar.com\/requirements-to-rent\/#breadcrumb\"},\"inLanguage\":\"es\",\"potentialAction\":[{\"@type\":\"ReadAction\",\"target\":[\"https:\/\/cactuscar.com\/requirements-to-rent\/\"]}]},{\"@type\":\"BreadcrumbList\",\"@id\":\"https:\/\/cactuscar.com\/requirements-to-rent\/#breadcrumb\",\"itemListElement\":[{\"@type\":\"ListItem\",\"position\":1,\"name\":\"Inicio\",\"item\":\"https:\/\/cactuscar.com\/\"},{\"@type\":\"ListItem\",\"position\":2,\"name\":\"Requirements to Rent\"}]},{\"@type\":\"WebSite\",\"@id\":\"https:\/\/cactuscar.com\/#website\",\"url\":\"https:\/\/cactuscar.com\/\",\"name\":\"Cactus Car\",\"description\":\"Renta de Autos en Mexico\",\"publisher\":{\"@id\":\"https:\/\/cactuscar.com\/#organization\"},\"potentialAction\":[{\"@type\":\"SearchAction\",\"target\":{\"@type\":\"EntryPoint\",\"urlTemplate\":\"https:\/\/cactuscar.com\/?s={search_term_string}\"},\"query-input\":\"required name=search_term_string\"}],\"inLanguage\":\"es\"},{\"@type\":\"Organization\",\"@id\":\"https:\/\/cactuscar.com\/#organization\",\"name\":\"Cactus Rent a Car\",\"url\":\"https:\/\/cactuscar.com\/\",\"logo\":{\"@type\":\"ImageObject\",\"inLanguage\":\"es\",\"@id\":\"https:\/\/cactuscar.com\/#\/schema\/logo\/image\/\",\"url\":\"https:\/\/cactuscar.com\/wp-content\/uploads\/2021\/02\/cropped-Logo300x300.png\",\"contentUrl\":\"https:\/\/cactuscar.com\/wp-content\/uploads\/2021\/02\/cropped-Logo300x300.png\",\"width\":512,\"height\":512,\"caption\":\"Cactus Rent a Car\"},\"image\":{\"@id\":\"https:\/\/cactuscar.com\/#\/schema\/logo\/image\/\"},\"sameAs\":[\"https:\/\/www.facebook.com\/cactuscar\/?locale=es_LA\",\"https:\/\/www.instagram.com\/cactusrentacar\/?hl=es-la\"]}]}<\/script>\n<!-- \/ Yoast SEO plugin. -->","yoast_head_json":{"title":"Requirements to Rent - Cactus Car","robots":{"index":"index","follow":"follow","max-snippet":"max-snippet:-1","max-image-preview":"max-image-preview:large","max-video-preview":"max-video-preview:-1"},"canonical":"https:\/\/cactuscar.com\/es\/requirements-to-rent\/","og_locale":"es_ES","og_type":"article","og_title":"Requirements to Rent - Cactus Car","og_description":"\u00a0Requirements to Rent Payment Method: credit or debit cards and cash (Visa, Mastercard, and American Express) &nbsp; Deposit: A deposit may be required depending on the type of credit card that you have. The deposit may vary from 500.00 to 2,500.00 usd. The deposit may be avoided by taking LDW insurance at the counter. Cards [&hellip;]","og_url":"https:\/\/cactuscar.com\/es\/requirements-to-rent\/","og_site_name":"Cactus Car","article_publisher":"https:\/\/www.facebook.com\/cactuscar\/?locale=es_LA","article_modified_time":"2025-06-30T22:16:03+00:00","twitter_card":"summary_large_image","twitter_misc":{"Tiempo de lectura":"2 minutos"},"schema":{"@context":"https:\/\/schema.org","@graph":[{"@type":"WebPage","@id":"https:\/\/cactuscar.com\/requirements-to-rent\/","url":"https:\/\/cactuscar.com\/requirements-to-rent\/","name":"Requirements to Rent - Cactus Car","isPartOf":{"@id":"https:\/\/cactuscar.com\/#website"},"datePublished":"2023-08-03T20:23:40+00:00","dateModified":"2025-06-30T22:16:03+00:00","breadcrumb":{"@id":"https:\/\/cactuscar.com\/requirements-to-rent\/#breadcrumb"},"inLanguage":"es","potentialAction":[{"@type":"ReadAction","target":["https:\/\/cactuscar.com\/requirements-to-rent\/"]}]},{"@type":"BreadcrumbList","@id":"https:\/\/cactuscar.com\/requirements-to-rent\/#breadcrumb","itemListElement":[{"@type":"ListItem","position":1,"name":"Inicio","item":"https:\/\/cactuscar.com\/"},{"@type":"ListItem","position":2,"name":"Requirements to Rent"}]},{"@type":"WebSite","@id":"https:\/\/cactuscar.com\/#website","url":"https:\/\/cactuscar.com\/","name":"Cactus Car","description":"Renta de Autos en Mexico","publisher":{"@id":"https:\/\/cactuscar.com\/#organization"},"potentialAction":[{"@type":"SearchAction","target":{"@type":"EntryPoint","urlTemplate":"https:\/\/cactuscar.com\/?s={search_term_string}"},"query-input":"required name=search_term_string"}],"inLanguage":"es"},{"@type":"Organization","@id":"https:\/\/cactuscar.com\/#organization","name":"Cactus Rent a Car","url":"https:\/\/cactuscar.com\/","logo":{"@type":"ImageObject","inLanguage":"es","@id":"https:\/\/cactuscar.com\/#\/schema\/logo\/image\/","url":"https:\/\/cactuscar.com\/wp-content\/uploads\/2021\/02\/cropped-Logo300x300.png","contentUrl":"https:\/\/cactuscar.com\/wp-content\/uploads\/2021\/02\/cropped-Logo300x300.png","width":512,"height":512,"caption":"Cactus Rent a Car"},"image":{"@id":"https:\/\/cactuscar.com\/#\/schema\/logo\/image\/"},"sameAs":["https:\/\/www.facebook.com\/cactuscar\/?locale=es_LA","https:\/\/www.instagram.com\/cactusrentacar\/?hl=es-la"]}]}},"_links":{"self":[{"href":"https:\/\/cactuscar.com\/es\/wp-json\/wp\/v2\/pages\/20433"}],"collection":[{"href":"https:\/\/cactuscar.com\/es\/wp-json\/wp\/v2\/pages"}],"about":[{"href":"https:\/\/cactuscar.com\/es\/wp-json\/wp\/v2\/types\/page"}],"author":[{"embeddable":true,"href":"https:\/\/cactuscar.com\/es\/wp-json\/wp\/v2\/users\/10"}],"replies":[{"embeddable":true,"href":"https:\/\/cactuscar.com\/es\/wp-json\/wp\/v2\/comments?post=20433"}],"version-history":[{"count":12,"href":"https:\/\/cactuscar.com\/es\/wp-json\/wp\/v2\/pages\/20433\/revisions"}],"predecessor-version":[{"id":39150,"href":"https:\/\/cactuscar.com\/es\/wp-json\/wp\/v2\/pages\/20433\/revisions\/39150"}],"wp:attachment":[{"href":"https:\/\/cactuscar.com\/es\/wp-json\/wp\/v2\/media?parent=20433"}],"curies":[{"name":"wp","href":"https:\/\/api.w.org\/{rel}","templated":true}]}}