{"id":637,"date":"2021-02-27T00:07:40","date_gmt":"2021-02-27T07:07:40","guid":{"rendered":"https:\/\/cactuscar.com\/?page_id=637"},"modified":"2021-03-24T19:51:40","modified_gmt":"2021-03-25T02:51:40","slug":"politica-de-privacidad","status":"publish","type":"page","link":"https:\/\/cactuscar.com\/es\/politica-de-privacidad\/","title":{"rendered":"Pol\u00edtica de privacidad"},"content":{"rendered":"<p>[et_pb_section fb_built=&#8221;1&#8243; admin_label=&#8221;section&#8221; _builder_version=&#8221;3.22&#8243;][et_pb_row _builder_version=&#8221;4.9.0&#8243; _module_preset=&#8221;default&#8221;][et_pb_column type=&#8221;4_4&#8243; _builder_version=&#8221;4.9.0&#8243; _module_preset=&#8221;default&#8221;][et_pb_text _builder_version=&#8221;4.9.2&#8243; _module_preset=&#8221;default&#8221; hover_enabled=&#8221;0&#8243; sticky_enabled=&#8221;0&#8243; text_text_color=&#8221;#E02B20&#8243;]<\/p>\n<p style=\"text-align: center;\"><span style=\"font-size: xx-large; color: #ff0000;\"><strong>AVISO DE PRIVACIDAD<\/strong><\/span><\/p>\n<p>[\/et_pb_text][\/et_pb_column][\/et_pb_row][et_pb_row _builder_version=&#8221;4.9.0&#8243; _module_preset=&#8221;default&#8221;][et_pb_column type=&#8221;4_4&#8243; _builder_version=&#8221;4.9.0&#8243; _module_preset=&#8221;default&#8221;][et_pb_text _builder_version=&#8221;4.9.0&#8243; _module_preset=&#8221;default&#8221;]<\/p>\n<p style=\"text-align: justify;\"><span style=\"font-weight: 400;\">Cactus Auto Rentas S.A. de CV. Cactus Rent A Car con Domicilio en J. Pimentel Green Mza. 14 Lte. 03 Colonia aeropuerto San Jose del Cabo\u00a0 Baja California Sur M\u00e9xico, hace de su conocimiento que los datos personales de usted, incluyendo los sensibles, que actualmente o en el futuro obren en nuestras bases de datos, ser\u00e1n tratados y\/o utilizados por: Cactus Rent A Car\u00a0 y\/o las empresas controladoras de \u00e9sta \u00faltima y\/o nuestras empresas filiales y\/o subsidiarias y\/o aquellos terceros que, por la naturaleza de sus trabajos o funciones tengan la necesidad de tratar y\/o utilizar sus datos personales; con el prop\u00f3sito de cumplir aquellas obligaciones que se derivan de la relaci\u00f3n jur\u00eddica existente entre usted como titular de los datos personales y las empresas antes se\u00f1aladas.<\/span><\/p>\n<p>[\/et_pb_text][et_pb_text _builder_version=&#8221;4.9.0&#8243; _module_preset=&#8221;default&#8221;]<\/p>\n<p style=\"text-align: justify;\"><span style=\"font-weight: 400;\">Cactus podr\u00e1 transferir los datos personales que obren en sus bases de datos a cualesquiera de las empresas controladoras de \u00e9sta \u00faltima y\/o a sus empresas filiales y\/o subsidiarias e incluso a terceras personas, nacionales o extranjeras, salvo que los titulares respectivos manifiesten expresamente su oposici\u00f3n, en t\u00e9rminos de lo dispuesto por la Ley Federal de Protecci\u00f3n de Datos Personales en Posesi\u00f3n de los Particulares (la Ley).<\/span><span style=\"font-weight: 400;\"><br \/><\/span><\/p>\n<p>[\/et_pb_text][et_pb_text _builder_version=&#8221;4.9.0&#8243; _module_preset=&#8221;default&#8221;]<\/p>\n<p style=\"text-align: justify;\"><span style=\"font-weight: 400;\">Los titulares podr\u00e1n ejercer los derechos que les confiere la Ley, a partir del 6 de enero de 2012, mediante una solicitud por escrito, que deber\u00e1 ser presentada en nuestras oficinas en el domicilio acentado anteriormente o\u00a0 que se indican en la p\u00e1gina web: <\/span><a href=\"http:\/\/www.telmex.com\/mx\/index.html\"><span style=\"font-weight: 400;\">www.cactuscar.com<\/span><\/a><span style=\"font-weight: 400;\"> .Todas las solicitudes que sean presentadas a Cactus, independiente del medio utilizado por los titulares, deber\u00e1n:<\/span><\/p>\n<p style=\"text-align: justify;\"><span style=\"font-weight: 400;\"><\/span><\/p>\n<ul>\n<li aria-level=\"1\"><span>Incluir el nombre y firma aut\u00f3grafa del titular, as\u00ed como un domicilio u otro medio para comunicarle la respuesta a su solicitud.<\/span><\/li>\n<li aria-level=\"1\"><span>Acompa\u00f1ar los documentos oficiales que acrediten la identidad del titular.<\/span><\/li>\n<li aria-level=\"1\"><span>Incluir una descripci\u00f3n clara y precisa de los datos personales respecto de los cuales ejercitar\u00e1 los derechos que les confiere la Ley.<\/span><\/li>\n<li aria-level=\"1\"><span>Incluir cualquier elemento o documento que facilite la localizaci\u00f3n de los datos personales de que se traten.<\/span><span><\/span><\/li>\n<\/ul>\n<p><span>Cactus Auto Rentas S.A. de C.V. se reserva el derecho de cambiar, modificar, complementar y\/o alterar el presente aviso, en cualquier momento, en cuyo caso se har\u00e1 de su conocimiento a trav\u00e9s de cualquiera de los medios que establece la legislaci\u00f3n en la materia.<\/span><\/p>\n<p style=\"text-align: justify;\"><span style=\"font-weight: 400;\">\u00a0<\/span><\/p>\n<p><span style=\"font-weight: 400;\"><br \/> <\/span><\/p>\n<p>[\/et_pb_text][\/et_pb_column][\/et_pb_row][\/et_pb_section]<\/p>","protected":false},"excerpt":{"rendered":"<p>AVISO DE PRIVACIDADCactus Auto Rentas S.A. de CV. Cactus Rent A Car con Domicilio en J. Pimentel Green Mza. 14 Lte. 03 Colonia aeropuerto San Jose del Cabo\u00a0 Baja California Sur M\u00e9xico, hace de su conocimiento que los datos personales de usted, incluyendo los sensibles, que actualmente o en el futuro obren en nuestras bases [&hellip;]<\/p>","protected":false},"author":2,"featured_media":0,"parent":0,"menu_order":0,"comment_status":"closed","ping_status":"closed","template":"","meta":{"_et_pb_use_builder":"on","_et_pb_old_content":"","_et_gb_content_width":"","footnotes":""},"yoast_head":"<!-- This site is optimized with the Yoast SEO plugin v22.8 - https:\/\/yoast.com\/wordpress\/plugins\/seo\/ -->\n<title>Pol\u00edtica de privacidad - Cactus Car<\/title>\n<meta name=\"robots\" content=\"index, follow, max-snippet:-1, max-image-preview:large, max-video-preview:-1\" \/>\n<link rel=\"canonical\" href=\"https:\/\/cactuscar.com\/es\/politica-de-privacidad\/\" \/>\n<meta property=\"og:locale\" content=\"es_ES\" \/>\n<meta property=\"og:type\" content=\"article\" \/>\n<meta property=\"og:title\" content=\"Pol\u00edtica de privacidad - Cactus Car\" \/>\n<meta property=\"og:description\" content=\"AVISO DE PRIVACIDADCactus Auto Rentas S.A. de CV. Cactus Rent A Car con Domicilio en J. Pimentel Green Mza. 14 Lte. 03 Colonia aeropuerto San Jose del Cabo\u00a0 Baja California Sur M\u00e9xico, hace de su conocimiento que los datos personales de usted, incluyendo los sensibles, que actualmente o en el futuro obren en nuestras bases [&hellip;]\" \/>\n<meta property=\"og:url\" content=\"https:\/\/cactuscar.com\/es\/politica-de-privacidad\/\" \/>\n<meta property=\"og:site_name\" content=\"Cactus Car\" \/>\n<meta property=\"article:publisher\" content=\"https:\/\/www.facebook.com\/cactuscar\/?locale=es_LA\" \/>\n<meta property=\"article:modified_time\" content=\"2021-03-25T02:51:40+00:00\" \/>\n<meta name=\"twitter:card\" content=\"summary_large_image\" \/>\n<meta name=\"twitter:label1\" content=\"Tiempo de lectura\" \/>\n\t<meta name=\"twitter:data1\" content=\"3 minutos\" \/>\n<script type=\"application\/ld+json\" class=\"yoast-schema-graph\">{\"@context\":\"https:\/\/schema.org\",\"@graph\":[{\"@type\":\"WebPage\",\"@id\":\"https:\/\/cactuscar.com\/politica-de-privacidad\/\",\"url\":\"https:\/\/cactuscar.com\/politica-de-privacidad\/\",\"name\":\"Pol\u00edtica de privacidad - Cactus Car\",\"isPartOf\":{\"@id\":\"https:\/\/cactuscar.com\/#website\"},\"datePublished\":\"2021-02-27T07:07:40+00:00\",\"dateModified\":\"2021-03-25T02:51:40+00:00\",\"breadcrumb\":{\"@id\":\"https:\/\/cactuscar.com\/politica-de-privacidad\/#breadcrumb\"},\"inLanguage\":\"es\",\"potentialAction\":[{\"@type\":\"ReadAction\",\"target\":[\"https:\/\/cactuscar.com\/politica-de-privacidad\/\"]}]},{\"@type\":\"BreadcrumbList\",\"@id\":\"https:\/\/cactuscar.com\/politica-de-privacidad\/#breadcrumb\",\"itemListElement\":[{\"@type\":\"ListItem\",\"position\":1,\"name\":\"Inicio\",\"item\":\"https:\/\/cactuscar.com\/\"},{\"@type\":\"ListItem\",\"position\":2,\"name\":\"Pol\u00edtica de privacidad\"}]},{\"@type\":\"WebSite\",\"@id\":\"https:\/\/cactuscar.com\/#website\",\"url\":\"https:\/\/cactuscar.com\/\",\"name\":\"Cactus Car\",\"description\":\"Renta de Autos en Mexico\",\"publisher\":{\"@id\":\"https:\/\/cactuscar.com\/#organization\"},\"potentialAction\":[{\"@type\":\"SearchAction\",\"target\":{\"@type\":\"EntryPoint\",\"urlTemplate\":\"https:\/\/cactuscar.com\/?s={search_term_string}\"},\"query-input\":\"required name=search_term_string\"}],\"inLanguage\":\"es\"},{\"@type\":\"Organization\",\"@id\":\"https:\/\/cactuscar.com\/#organization\",\"name\":\"Cactus Rent a Car\",\"url\":\"https:\/\/cactuscar.com\/\",\"logo\":{\"@type\":\"ImageObject\",\"inLanguage\":\"es\",\"@id\":\"https:\/\/cactuscar.com\/#\/schema\/logo\/image\/\",\"url\":\"https:\/\/cactuscar.com\/wp-content\/uploads\/2021\/02\/cropped-Logo300x300.png\",\"contentUrl\":\"https:\/\/cactuscar.com\/wp-content\/uploads\/2021\/02\/cropped-Logo300x300.png\",\"width\":512,\"height\":512,\"caption\":\"Cactus Rent a Car\"},\"image\":{\"@id\":\"https:\/\/cactuscar.com\/#\/schema\/logo\/image\/\"},\"sameAs\":[\"https:\/\/www.facebook.com\/cactuscar\/?locale=es_LA\",\"https:\/\/www.instagram.com\/cactusrentacar\/?hl=es-la\"]}]}<\/script>\n<!-- \/ Yoast SEO plugin. -->","yoast_head_json":{"title":"Pol\u00edtica de privacidad - Cactus Car","robots":{"index":"index","follow":"follow","max-snippet":"max-snippet:-1","max-image-preview":"max-image-preview:large","max-video-preview":"max-video-preview:-1"},"canonical":"https:\/\/cactuscar.com\/es\/politica-de-privacidad\/","og_locale":"es_ES","og_type":"article","og_title":"Pol\u00edtica de privacidad - Cactus Car","og_description":"AVISO DE PRIVACIDADCactus Auto Rentas S.A. de CV. Cactus Rent A Car con Domicilio en J. Pimentel Green Mza. 14 Lte. 03 Colonia aeropuerto San Jose del Cabo\u00a0 Baja California Sur M\u00e9xico, hace de su conocimiento que los datos personales de usted, incluyendo los sensibles, que actualmente o en el futuro obren en nuestras bases [&hellip;]","og_url":"https:\/\/cactuscar.com\/es\/politica-de-privacidad\/","og_site_name":"Cactus Car","article_publisher":"https:\/\/www.facebook.com\/cactuscar\/?locale=es_LA","article_modified_time":"2021-03-25T02:51:40+00:00","twitter_card":"summary_large_image","twitter_misc":{"Tiempo de lectura":"3 minutos"},"schema":{"@context":"https:\/\/schema.org","@graph":[{"@type":"WebPage","@id":"https:\/\/cactuscar.com\/politica-de-privacidad\/","url":"https:\/\/cactuscar.com\/politica-de-privacidad\/","name":"Pol\u00edtica de privacidad - Cactus Car","isPartOf":{"@id":"https:\/\/cactuscar.com\/#website"},"datePublished":"2021-02-27T07:07:40+00:00","dateModified":"2021-03-25T02:51:40+00:00","breadcrumb":{"@id":"https:\/\/cactuscar.com\/politica-de-privacidad\/#breadcrumb"},"inLanguage":"es","potentialAction":[{"@type":"ReadAction","target":["https:\/\/cactuscar.com\/politica-de-privacidad\/"]}]},{"@type":"BreadcrumbList","@id":"https:\/\/cactuscar.com\/politica-de-privacidad\/#breadcrumb","itemListElement":[{"@type":"ListItem","position":1,"name":"Inicio","item":"https:\/\/cactuscar.com\/"},{"@type":"ListItem","position":2,"name":"Pol\u00edtica de privacidad"}]},{"@type":"WebSite","@id":"https:\/\/cactuscar.com\/#website","url":"https:\/\/cactuscar.com\/","name":"Cactus Car","description":"Renta de Autos en Mexico","publisher":{"@id":"https:\/\/cactuscar.com\/#organization"},"potentialAction":[{"@type":"SearchAction","target":{"@type":"EntryPoint","urlTemplate":"https:\/\/cactuscar.com\/?s={search_term_string}"},"query-input":"required name=search_term_string"}],"inLanguage":"es"},{"@type":"Organization","@id":"https:\/\/cactuscar.com\/#organization","name":"Cactus Rent a Car","url":"https:\/\/cactuscar.com\/","logo":{"@type":"ImageObject","inLanguage":"es","@id":"https:\/\/cactuscar.com\/#\/schema\/logo\/image\/","url":"https:\/\/cactuscar.com\/wp-content\/uploads\/2021\/02\/cropped-Logo300x300.png","contentUrl":"https:\/\/cactuscar.com\/wp-content\/uploads\/2021\/02\/cropped-Logo300x300.png","width":512,"height":512,"caption":"Cactus Rent a Car"},"image":{"@id":"https:\/\/cactuscar.com\/#\/schema\/logo\/image\/"},"sameAs":["https:\/\/www.facebook.com\/cactuscar\/?locale=es_LA","https:\/\/www.instagram.com\/cactusrentacar\/?hl=es-la"]}]}},"_links":{"self":[{"href":"https:\/\/cactuscar.com\/es\/wp-json\/wp\/v2\/pages\/637"}],"collection":[{"href":"https:\/\/cactuscar.com\/es\/wp-json\/wp\/v2\/pages"}],"about":[{"href":"https:\/\/cactuscar.com\/es\/wp-json\/wp\/v2\/types\/page"}],"author":[{"embeddable":true,"href":"https:\/\/cactuscar.com\/es\/wp-json\/wp\/v2\/users\/2"}],"replies":[{"embeddable":true,"href":"https:\/\/cactuscar.com\/es\/wp-json\/wp\/v2\/comments?post=637"}],"version-history":[{"count":8,"href":"https:\/\/cactuscar.com\/es\/wp-json\/wp\/v2\/pages\/637\/revisions"}],"predecessor-version":[{"id":1513,"href":"https:\/\/cactuscar.com\/es\/wp-json\/wp\/v2\/pages\/637\/revisions\/1513"}],"wp:attachment":[{"href":"https:\/\/cactuscar.com\/es\/wp-json\/wp\/v2\/media?parent=637"}],"curies":[{"name":"wp","href":"https:\/\/api.w.org\/{rel}","templated":true}]}}