{"id":640,"date":"2021-02-27T00:09:43","date_gmt":"2021-02-27T07:09:43","guid":{"rendered":"https:\/\/cactuscar.com\/?page_id=640"},"modified":"2023-07-26T14:59:51","modified_gmt":"2023-07-26T21:59:51","slug":"terminos","status":"publish","type":"page","link":"https:\/\/cactuscar.com\/es\/terminos\/","title":{"rendered":"T\u00e9rminos"},"content":{"rendered":"<p>[et_pb_section fb_built=&#8221;1&#8243; _builder_version=&#8221;4.9.0&#8243; _module_preset=&#8221;default&#8221; global_colors_info=&#8221;{}&#8221;][et_pb_row _builder_version=&#8221;4.9.0&#8243; _module_preset=&#8221;default&#8221; global_colors_info=&#8221;{}&#8221;][et_pb_column type=&#8221;4_4&#8243; _builder_version=&#8221;4.9.0&#8243; _module_preset=&#8221;default&#8221; global_colors_info=&#8221;{}&#8221;][et_pb_text _builder_version=&#8221;4.9.2&#8243; _module_preset=&#8221;default&#8221; global_colors_info=&#8221;{}&#8221;]<\/p>\n<p style=\"text-align: center;\"><span style=\"font-size: xx-large; color: #ff0000;\"><strong>T\u00c9RMINOS DE USO<\/strong><\/span><\/p>\n<p>[\/et_pb_text][et_pb_text _builder_version=&#8221;4.11.0&#8243; _module_preset=&#8221;default&#8221; global_colors_info=&#8221;{}&#8221;]<\/p>\n<p><strong>PRIMERA. Consentimiento. <\/strong>Por medio del presente contrato, el arrendador se obliga a conceder el uso y goce temporal del veh\u00edculo, por lo que el arrendatario deber\u00e1 pagar un precio cierto y determinado.<\/p>\n<p><strong>SEGUNDA. Objeto. <\/strong>El objeto material de este contrato es el veh\u00edculo que se encuentra descrito en el Anexo de este contrato, por lo que las caracter\u00edsticas, condiciones, refacciones y documentos generales del veh\u00edculo arrendado de encuentran detalladas en el documento mencionado.<\/p>\n<p><strong>TERCERA. Condiciones del veh\u00edculo arrendado. <\/strong>El arrendatario recibe de conformidad el veh\u00edculo arrendado, el cual se encuentra en \u00f3pticas condiciones mec\u00e1nicas y de carrocer\u00eda, las cuales se mencionan en el inventario respectivo. Acordando las partes que el veh\u00edculo se entregue con el kilometraje sellado, el uso y goce del veh\u00edculo se destinar\u00e1 exclusivamente al fin pactado por los contratantes. En caso de que el uso y goce est\u00e9 destinado \u00fanicamente al transporte del arrendatario y sus acompa\u00f1antes deber\u00e1 se\u00f1alarse por escrito para la debida informaci\u00f3n de las partes. Asimismo, el arrendatario recibe, exceptuando los vicios ocultos, el veh\u00edculo a su entera satisfacci\u00f3n por lo que obliga a pagar al arrendador a la terminaci\u00f3n de contrato, a precios del mercado, el o los faltantes de accesorios y partes del veh\u00edculo arrendado al momento de la entrega del mismo.<\/p>\n<p><strong>CUARTA. Lugar de entrega y recepci\u00f3n del veh\u00edculo. <\/strong>El arrendador deber\u00e1 entregar el veh\u00edculo arrendado en el lugar previamente acordado entre las partes, respetando en la entrega el mismo el d\u00eda y hora se\u00f1alada en el anexo del presente contrato. El arrendatario, al t\u00e9rmino de la vigencia del presente documento, deber\u00e1 entregar el veh\u00edculo, en las mismas condiciones en que lo recibi\u00f3 exceptuando el desgaste por el uso, en el d\u00eda y las horas se\u00f1aladas para tal efecto, oblig\u00e1ndose a entregar el veh\u00edculo al arrendador en el lugar determinado por las partes para tal efecto. .<\/p>\n<p><strong>QUINTA. Plazo del arrendamiento. <\/strong>La vigencia de este contrato ser\u00e1 la se\u00f1alada en el Anexo del presente documento, la cual no podr\u00e1 ser prorrogada sino con el pleno consentimiento de ambas partes expresado en un nuevo contrato de arrendamiento.<\/p>\n<p><strong>SEXTA. Precio del arrendamiento. <\/strong>El arrendatario, por el uso y goce temporal del veh\u00edculo arrendado, deber\u00e1 pagar una cantidad cierta y determinada en moneda nacional sin perjuicio que las partes puedan acordar el pago en moneda extranjera conforme a la leyes aplicables, la cual se encuentra enunciada en el Anexo del este contrato. El arrendatario se obliga a no exigir el cobro de ning\u00fan cargo que no est\u00e9 considerado en el presente contrato.<\/p>\n<p><strong>S\u00c9PTIMA. Modalidades de pago. <\/strong>El arrendatario podr\u00e1 pagar la renta del veh\u00edculo al contado en el domicilio del arrendador, con tarjeta bancaria, transferencia electr\u00f3nica o cualquier otra forma de pago que acuerden las partes. El precio total del arrendamiento se calcular\u00e1 tomando en cuenta el costo por renta diario o por kilometraje, de acuerdo a lo solicitado por el consumidor. La renta empezar\u00e1 a computarse desde el momento en que el arrendatario se encuentre en plena disposici\u00f3n del veh\u00edculo arrendado y hasta la fecha en que lo reciba el arrendador a su entera satisfacci\u00f3n.<\/p>\n<p>En caso de que el arrendatario hubiera contratado el arrendamiento del veh\u00edculo por kil\u00f3metros recorridos, estos se determinar\u00e1n por la lectura del kilometraje, registrado en el dispositivo instalado de f\u00e1brica en el veh\u00edculo (od\u00f3metro), estipulando las partes que s\u00ed, durante el t\u00e9rmino del arrendamiento, sobreviene alg\u00fan desperfecto o la rotura de los protectores de dicho sistema, por culpa o negligencia del arrendatario, la renta se calcular\u00e1 tomado en cuenta la tarifa de renta por d\u00eda que se establece en el anexo de este contrato, durante el tiempo en que el veh\u00edculo est\u00e9 en posesi\u00f3n del arrendatario.<\/p>\n<p><strong>OCTAVA. Dep\u00f3sito en garant\u00eda. <\/strong>El arrendatario se obliga a entregar al arrendador la cantidad se\u00f1alada en el anexo de este contrato como dep\u00f3sito en garant\u00eda del cumplimiento de la obligaci\u00f3n principal de pago. En consecuencia, el arrendador deber\u00e1 a expedir un recibo por dicha cantidad en que conste: el nombre o raz\u00f3n social de la misma, fecha e importe del dep\u00f3sito, nombre y firma de la persona que lo recibe. Este recibo servir\u00e1 de comprobante de canje para que al t\u00e9rmino del contrato el arrendador entregue la cantidad depositada dentro de las 24 horas siguientes a la recepci\u00f3n del veh\u00edculo de conformidad, en caso contrario dicho dep\u00f3sito se aplicar\u00e1 a solventar los saldos si los hubiere o a pagar las reposiciones de faltantes y la reparaci\u00f3n de desperfectos, cuando hayan sido debidamente acreditados por el arrendador, en la inteligencia que el arrendador podr\u00e1 exigir, judicial o extrajudicialmente, el pago de una cantidad adicional si el dep\u00f3sito fuere insuficiente para cubrir la reposici\u00f3n de faltantes y la reparaci\u00f3n de saldos.<\/p>\n<p><strong>NOVENA. Devoluci\u00f3n del veh\u00edculo. <\/strong>El arrendatario se obliga a devolver al t\u00e9rmino de la vigencia del presente contrato el veh\u00edculo arrendado en las mismas condiciones en que lo recibi\u00f3 exceptuando el desgaste proveniente del uso normal del veh\u00edculo durante el arrendamiento. Las partes acuerdan en que la entrega del veh\u00edculo arrendado se lleve a cabo en la fecha, lugar y hora determinados en el anexo de este contrato. En caso de que el veh\u00edculo no sea entregado en los t\u00e9rminos se\u00f1alados, el arrendatario podr\u00e1 entregarlo posteriormente, previo acuerdo de las partes, pagando por este retraso el importe de la renta conforme a la tarifa acordada por el tiempo que tarde en entregar el veh\u00edculo en la fecha y hora determinados; si el retraso en la entrega del veh\u00edculo corresponde a la hora, el arrendatario s\u00f3lo estar\u00e1 obligado a pagar la parte proporcional del incumplimiento.<\/p>\n<p><strong>D\u00c9CIMA. Prohibici\u00f3n al veh\u00edculo arrendado de salir de la Rep\u00fablica. <\/strong>Sin el previo consentimiento por escrito del arrendador, el veh\u00edculo arrendado no podr\u00e1 salir de los l\u00edmites de la Rep\u00fablica Mexicana; en caso de incumplimiento a lo anteriormente se\u00f1alado, el arrendador podr\u00e1 dar por rescindido este contrato, recuperando el veh\u00edculo en las condiciones y estado en que se localice, siendo responsable el arrendatario del pago de la pena convencional correspondiente, m\u00e1s de los gastos de recuperaci\u00f3n del veh\u00edculo debidamente comprobados por el arrendador.<\/p>\n<p><strong>D\u00c9CIMA PRIMERA. Derechos y obligaciones de las partes. <\/strong>Los contratantes reconocen como derechos exigibles, el cumplimiento de todas las disposiciones del presente contrato, normando su consentimiento por la observancia de las siguientes obligaciones:<\/p>\n<p>En el cumplimiento del presente contrato el arrendador se obliga a:<\/p>\n<ol>\n<li>Entregar el veh\u00edculo arrendado en \u00f3ptimas condiciones de uso, considerando el combustible necesario para tal efecto; el d\u00eda, hora y lugar acordado por las<\/li>\n<li>Recibir el veh\u00edculo sin ninguna condicionante de pago por el l\u00edmite de gasolina, en la inteligencia que el veh\u00edculo por ninguna circunstancia deber\u00e1 ser entregado por el arrendatario con un nivel de gasolina menor a un cuarto de<\/li>\n<li>A recibir el veh\u00edculo arrendado, se\u00f1alando al arrendatario, de ser el caso, que el veh\u00edculo lo recibe a su entera satisfacci\u00f3n; de lo contrario deber\u00e1 manifestar en el acto de recepci\u00f3n los motivos de su<\/li>\n<li>Devolver al arrendatario en el tiempo estipulado para tal efecto, la cantidad otorgada en dep\u00f3sito en garant\u00eda.<\/li>\n<\/ol>\n<p>Para los efectos de este contrato, son obligaciones del arrendatario:<\/p>\n<ol>\n<li>Pagar al arrendador la renta convenida del veh\u00edculo arrendado de manera puntual, sin requerimiento de pago y en las condiciones establecidas en el presente<\/li>\n<li>Conducir, en todo momento el veh\u00edculo arrendado, bajo el amparo de la licencia respectiva, otorgada por las autoridades competentes; respetando los Reglamentos y Leyes de Tr\u00e1nsito en el \u00e1mbito Federal, Local o<\/li>\n<li>No manejar el veh\u00edculo en estado de ebriedad o bajo la influencia de<\/li>\n<li>No hacer uso del veh\u00edculo en forma lucrativa, ni<\/li>\n<li>No utilizar el veh\u00edculo arrendado para arrastrar remolques y no sobrecargarlo debi\u00e9ndolo usar conforme a su resistencia y capacidad<\/li>\n<li>Conservar el veh\u00edculo en el estado que lo recibi\u00f3, exceptuando el desgaste normal del<\/li>\n<li>No conducir en el interior del veh\u00edculo materias explosivas o inflamables, drogas o<\/li>\n<li>Pagar el importe de las sanciones que le fueran impuestas por violaci\u00f3n a los Reglamentos de Tr\u00e1nsito, a\u00fan despu\u00e9s de concluida la vigencia del contrato, si la infracci\u00f3n se origin\u00f3 durante el tiempo en que estuvo el veh\u00edculo arrendando a disposici\u00f3n del<\/li>\n<li>No utilizar el veh\u00edculo de manera diferente a lo<\/li>\n<li>No subarrendar a terceros el veh\u00edculo objeto del presente contrato sin previo consentimiento del<\/li>\n<\/ol>\n<p><strong>D\u00c9CIMA SEGUNDA. Seguro del veh\u00edculo. <\/strong>El arrendador se obliga a ofrecer en arrendamiento veh\u00edculos que se encuentren asegurados con la compa\u00f1\u00eda aseguradora que m\u00e1s convenga a sus intereses; en caso de siniestro el arrendatario ser\u00e1 responsable de solventar los gastos de operaci\u00f3n del seguro (Deducible) en todo momento mientras se encuentre en disposici\u00f3n del veh\u00edculo. Corresponde al arrendador informar al arrendatario los t\u00e9rminos y condiciones en que operar\u00e1 el seguro, sin embargo durante el arrendamiento el arrendatario ser\u00e1 responsable de los da\u00f1os a terceros, as\u00ed como de los da\u00f1os a las personas o cosas que viajen dentro del veh\u00edculo, por lo que se obliga en este acto a informar al arrendador de cualquier hecho anteriormente descrito.<\/p>\n<p><strong>D\u00c9CIMA TERCERA. Caso fortuito o fuerza mayor. <\/strong>Las partes contratantes reconocen que no existir\u00e1 responsabilidad de las partes si el presente contrato se incumple por caso fortuito o fuerza mayor; sin embargo, si durante la vigencia del presente documento se origina cualquier da\u00f1o al veh\u00edculo por estos mismos supuestos, el arrendatario se obliga a dar aviso al arrendador y a las autoridades competentes el mismo d\u00eda en que tenga conocimiento del hecho. El retardo en el aviso se considerar\u00e1 como incumplimiento de contrato, por lo que el arrendatario ser\u00e1 responsable de indemnizar los da\u00f1os que la arrendadora haya sufrido por causa de dicho da\u00f1o.<\/p>\n<p><strong>D\u00c9CIMA CUARTA. Objetos olvidados en el veh\u00edculo arrendado. <\/strong>Al momento de entregar el veh\u00edculo arrendado, ser\u00e1 responsabilidad del arrendatario verificar que no existan objetos personales en el veh\u00edculo, en caso contrario el arrendador no ser\u00e1 responsable de los objetos dejados en el veh\u00edculo, ni del da\u00f1o o dem\u00e9rito que pudiera ocasionarse al ser transportados dentro del mismo veh\u00edculo.<\/p>\n<p><strong>D\u00c9CIMA QUINTA. Desperfectos mec\u00e1nicos. <\/strong>En caso de ocurrir alg\u00fan desperfecto mec\u00e1nico o el\u00e9ctrico al veh\u00edculo o la p\u00e9rdida de las llaves del mismo, el arrendatario deber\u00e1 comunicar ese hecho dentro de las dos primeras horas siguientes al arrendador, subsistiendo en todo caso las responsabilidades a cargo del arrendatario en caso de que el desperfecto haya sido ocasionado por alg\u00fan acto que le sea imputable.<\/p>\n<p>En este caso el arrendador se obliga a sustituirle al arrendatario dicho veh\u00edculo por otro en buen estado de uso, considerando las caracter\u00edsticas del veh\u00edculo arrendado, dentro de las dos horas posteriores al momento de que el arrendatario haya hecho saber su descompostura, siempre que el veh\u00edculo se encuentre en la localidad donde fue arrendado o del domicilio del arrendador, adem\u00e1s se compromete a bonificar en el cobro por la renta, el tiempo que el arrendatario no haya podido utilizar el veh\u00edculo por la descompostura no imputable a \u00e9l. El t\u00e9rmino expresado en este p\u00e1rrafo, podr\u00e1 ampliarse, a voluntad de las partes, cuando el arrendador acredite su incumplimiento de la obligaci\u00f3n antes mencionada por causas ajenas a su voluntad.<\/p>\n<p>Para el caso de extrav\u00edo de las llaves el arrendador le har\u00e1 llegar al arrendatario un duplicado de las mismas dentro de las dos horas siguientes al momento de ser informado de su extrav\u00edo, o de que se cerr\u00f3 el veh\u00edculo con las llaves dentro, siempre que el veh\u00edculo se encuentre tambi\u00e9n dentro de la misma localidad mencionada en el p\u00e1rrafo anterior.<\/p>\n<p><strong>D\u00c9CIMA SEXTA. <\/strong><strong>Cancelaci\u00f3n del arrendamiento. <\/strong>El arrendatario tiene en todo momento el derecho de cancelar el arrendamiento regulado en este contrato, siempre y cuando la cancelaci\u00f3n se realice dentro de los cinco d\u00edas posteriores a la firma del presente contrato y antes del inicio de la vigencia del arrendamiento. En este caso, la cancelaci\u00f3n ser\u00e1 sin responsabilidad alguna, y el arrendador deber\u00e1 devolver \u00edntegramente todas las cantidades que el arrendatario le haya entregado, en un plazo de 2 d\u00edas h\u00e1biles.<\/p>\n<p><strong>D\u00c9CIMA S\u00c9PTIMA. <\/strong><strong>Causas de Rescisi\u00f3n. <\/strong>Las partes manifiestan su voluntad para aceptar que operar\u00e1 la recisi\u00f3n ante cualquier incumplimiento de las obligaciones contenidas en este contrato.<\/p>\n<p><strong>D\u00c9CIMA OCTAVA. <\/strong><strong>Pena Convencional. <\/strong>La pena convencional ser\u00e1 del 20% de la cantidad total determinada como precio del arrendamiento del veh\u00edculo.<\/p>\n<p><strong>D\u00c9CIMA NOVENA. <\/strong><strong>Reclamaciones y quejas. <\/strong>Las partes acuerdan que el arrendatario podr\u00e1 enviar cualquier reclamaci\u00f3n o queja del servicio al correo electr\u00f3nico del arrendador proporcionado en el anexo del presente contrato o, en su defecto, presentarla en el domicilio descrito en el documento mencionado. En cualquier circunstancia el arrendador deber\u00e1 dar respuesta al arrendatario en un plazo no mayor a dos d\u00edas h\u00e1biles contados a partir de la recepci\u00f3n de la reclamaci\u00f3n o queja.<\/p>\n<p><strong>VIG\u00c9SIMA. Domicilios<\/strong>. Para los efectos de este contrato se se\u00f1alan como domicilios de las partes los que se citan en el anexo de este contrato.<\/p>\n<p><strong>VIG\u00c9SIMA PRIMERA.- Contrataci\u00f3n por medios electr\u00f3nicos. <\/strong>Las partes acuerdan que en lugar de una firma original aut\u00f3grafa, este contrato, as\u00ed como cualquier consentimiento, aprobaci\u00f3n u otros documentos relacionados con el mismo, podr\u00e1n ser firmados por medio del uso de firmas electr\u00f3nicas, digitales, num\u00e9ricas, alfanum\u00e9ricas, huellas de voz, biom\u00e9tricas o de cualquier otra forma y que dichos medios alternativos de firma y los registros en donde sean aplicadas dichas firmas, ser\u00e1n consideradas para todos los efectos, incluyendo pero no limitado a la legislaci\u00f3n civil, mercantil, protecci\u00f3n al consumidor y a la NOM-151-SCFI-2016, con la misma fuerza y consecuencias que la firma aut\u00f3grafa original f\u00edsica de la parte firmante. Si el contrato o cualquier otro documento relacionado con el mismo es firmado por medios electr\u00f3nicos o digitales, las Partes acuerdan que los formatos del contrato y los dem\u00e1s documentos firmados de tal modo ser\u00e1n conservados y estar\u00e1n a disposici\u00f3n del Arrendatario, por lo que convienen que cada una y toda la informaci\u00f3n enviada por el Arrendador a la direcci\u00f3n de correo electr\u00f3nico proporcionada por el Arrendatario al momento de celebrar el presente Contrato ser\u00e1 considerada como entregada en el momento en que la misma es enviada, siempre y cuando exista confirmaci\u00f3n de recepci\u00f3n.<\/p>\n<p><strong>VIG\u00c9SIMA SEGUNDA. <\/strong><strong>Competencia Administrativa. <\/strong>La Procuradur\u00eda Federal del Consumidor es competente en la v\u00eda administrativa para resolver cualquier controversia que se suscite sobre la interpretaci\u00f3n o cumplimiento del presente contrato. Sin perjuicio de lo anterior, las partes se someten a la jurisdicci\u00f3n de los Tribunales competentes en<u>\u00a0\u00a0\u00a0\u00a0\u00a0\u00a0\u00a0\u00a0\u00a0\u00a0\u00a0\u00a0\u00a0\u00a0\u00a0\u00a0\u00a0\u00a0\u00a0\u00a0\u00a0\u00a0\u00a0\u00a0\u00a0\u00a0\u00a0\u00a0\u00a0\u00a0\u00a0\u00a0\u00a0\u00a0\u00a0\u00a0\u00a0\u00a0\u00a0\u00a0\u00a0\u00a0\u00a0\u00a0\u00a0\u00a0\u00a0\u00a0\u00a0\u00a0\u00a0\u00a0\u00a0\u00a0\u00a0\u00a0\u00a0\u00a0\u00a0\u00a0\u00a0\u00a0\u00a0\u00a0\u00a0\u00a0\u00a0 <\/u>, renunciando expresamente a cualquier otra jurisdicci\u00f3n que pudiera corresponderles, por raz\u00f3n de sus domicilios presentes o futuros o por cualquier otra raz\u00f3n.<\/p>\n<p><strong>VIG\u00c9SIMA TERCERA. <\/strong><strong>Aviso de privacidad. <\/strong>Las partes se obligan a que la informaci\u00f3n contenida en este contrato, s\u00f3lo podr\u00e1 ser usada para los fines propios de este acto jur\u00eddico, por lo que cualquier uso distinto al pactado ser\u00e1 considerado como incumplimiento de contrato.<\/p>\n<p>[\/et_pb_text][\/et_pb_column][\/et_pb_row][\/et_pb_section]<\/p>","protected":false},"excerpt":{"rendered":"<p>T\u00c9RMINOS DE USOPRIMERA. Consentimiento. Por medio del presente contrato, el arrendador se obliga a conceder el uso y goce temporal del veh\u00edculo, por lo que el arrendatario deber\u00e1 pagar un precio cierto y determinado. SEGUNDA. Objeto. El objeto material de este contrato es el veh\u00edculo que se encuentra descrito en el Anexo de este contrato, [&hellip;]<\/p>","protected":false},"author":2,"featured_media":0,"parent":0,"menu_order":0,"comment_status":"closed","ping_status":"closed","template":"","meta":{"_et_pb_use_builder":"on","_et_pb_old_content":"","_et_gb_content_width":"","footnotes":""},"yoast_head":"<!-- This site is optimized with the Yoast SEO plugin v22.8 - https:\/\/yoast.com\/wordpress\/plugins\/seo\/ -->\n<title>T\u00e9rminos - Cactus Car<\/title>\n<meta name=\"robots\" content=\"index, follow, max-snippet:-1, max-image-preview:large, max-video-preview:-1\" \/>\n<link rel=\"canonical\" href=\"https:\/\/cactuscar.com\/es\/terminos\/\" \/>\n<meta property=\"og:locale\" content=\"es_ES\" \/>\n<meta property=\"og:type\" content=\"article\" \/>\n<meta property=\"og:title\" content=\"T\u00e9rminos - Cactus Car\" \/>\n<meta property=\"og:description\" content=\"T\u00c9RMINOS DE USOPRIMERA. Consentimiento. Por medio del presente contrato, el arrendador se obliga a conceder el uso y goce temporal del veh\u00edculo, por lo que el arrendatario deber\u00e1 pagar un precio cierto y determinado. SEGUNDA. Objeto. El objeto material de este contrato es el veh\u00edculo que se encuentra descrito en el Anexo de este contrato, [&hellip;]\" \/>\n<meta property=\"og:url\" content=\"https:\/\/cactuscar.com\/es\/terminos\/\" \/>\n<meta property=\"og:site_name\" content=\"Cactus Car\" \/>\n<meta property=\"article:publisher\" content=\"https:\/\/www.facebook.com\/cactuscar\/?locale=es_LA\" \/>\n<meta property=\"article:modified_time\" content=\"2023-07-26T21:59:51+00:00\" \/>\n<meta name=\"twitter:card\" content=\"summary_large_image\" \/>\n<meta name=\"twitter:label1\" content=\"Tiempo de lectura\" \/>\n\t<meta name=\"twitter:data1\" content=\"14 minutos\" \/>\n<script type=\"application\/ld+json\" class=\"yoast-schema-graph\">{\"@context\":\"https:\/\/schema.org\",\"@graph\":[{\"@type\":\"WebPage\",\"@id\":\"https:\/\/cactuscar.com\/terminos\/\",\"url\":\"https:\/\/cactuscar.com\/terminos\/\",\"name\":\"T\u00e9rminos - Cactus Car\",\"isPartOf\":{\"@id\":\"https:\/\/cactuscar.com\/#website\"},\"datePublished\":\"2021-02-27T07:09:43+00:00\",\"dateModified\":\"2023-07-26T21:59:51+00:00\",\"breadcrumb\":{\"@id\":\"https:\/\/cactuscar.com\/terminos\/#breadcrumb\"},\"inLanguage\":\"es\",\"potentialAction\":[{\"@type\":\"ReadAction\",\"target\":[\"https:\/\/cactuscar.com\/terminos\/\"]}]},{\"@type\":\"BreadcrumbList\",\"@id\":\"https:\/\/cactuscar.com\/terminos\/#breadcrumb\",\"itemListElement\":[{\"@type\":\"ListItem\",\"position\":1,\"name\":\"Inicio\",\"item\":\"https:\/\/cactuscar.com\/\"},{\"@type\":\"ListItem\",\"position\":2,\"name\":\"T\u00e9rminos\"}]},{\"@type\":\"WebSite\",\"@id\":\"https:\/\/cactuscar.com\/#website\",\"url\":\"https:\/\/cactuscar.com\/\",\"name\":\"Cactus Car\",\"description\":\"Renta de Autos en Mexico\",\"publisher\":{\"@id\":\"https:\/\/cactuscar.com\/#organization\"},\"potentialAction\":[{\"@type\":\"SearchAction\",\"target\":{\"@type\":\"EntryPoint\",\"urlTemplate\":\"https:\/\/cactuscar.com\/?s={search_term_string}\"},\"query-input\":\"required name=search_term_string\"}],\"inLanguage\":\"es\"},{\"@type\":\"Organization\",\"@id\":\"https:\/\/cactuscar.com\/#organization\",\"name\":\"Cactus Rent a Car\",\"url\":\"https:\/\/cactuscar.com\/\",\"logo\":{\"@type\":\"ImageObject\",\"inLanguage\":\"es\",\"@id\":\"https:\/\/cactuscar.com\/#\/schema\/logo\/image\/\",\"url\":\"https:\/\/cactuscar.com\/wp-content\/uploads\/2021\/02\/cropped-Logo300x300.png\",\"contentUrl\":\"https:\/\/cactuscar.com\/wp-content\/uploads\/2021\/02\/cropped-Logo300x300.png\",\"width\":512,\"height\":512,\"caption\":\"Cactus Rent a Car\"},\"image\":{\"@id\":\"https:\/\/cactuscar.com\/#\/schema\/logo\/image\/\"},\"sameAs\":[\"https:\/\/www.facebook.com\/cactuscar\/?locale=es_LA\",\"https:\/\/www.instagram.com\/cactusrentacar\/?hl=es-la\"]}]}<\/script>\n<!-- \/ Yoast SEO plugin. -->","yoast_head_json":{"title":"T\u00e9rminos - Cactus Car","robots":{"index":"index","follow":"follow","max-snippet":"max-snippet:-1","max-image-preview":"max-image-preview:large","max-video-preview":"max-video-preview:-1"},"canonical":"https:\/\/cactuscar.com\/es\/terminos\/","og_locale":"es_ES","og_type":"article","og_title":"T\u00e9rminos - Cactus Car","og_description":"T\u00c9RMINOS DE USOPRIMERA. Consentimiento. Por medio del presente contrato, el arrendador se obliga a conceder el uso y goce temporal del veh\u00edculo, por lo que el arrendatario deber\u00e1 pagar un precio cierto y determinado. SEGUNDA. Objeto. El objeto material de este contrato es el veh\u00edculo que se encuentra descrito en el Anexo de este contrato, [&hellip;]","og_url":"https:\/\/cactuscar.com\/es\/terminos\/","og_site_name":"Cactus Car","article_publisher":"https:\/\/www.facebook.com\/cactuscar\/?locale=es_LA","article_modified_time":"2023-07-26T21:59:51+00:00","twitter_card":"summary_large_image","twitter_misc":{"Tiempo de lectura":"14 minutos"},"schema":{"@context":"https:\/\/schema.org","@graph":[{"@type":"WebPage","@id":"https:\/\/cactuscar.com\/terminos\/","url":"https:\/\/cactuscar.com\/terminos\/","name":"T\u00e9rminos - Cactus Car","isPartOf":{"@id":"https:\/\/cactuscar.com\/#website"},"datePublished":"2021-02-27T07:09:43+00:00","dateModified":"2023-07-26T21:59:51+00:00","breadcrumb":{"@id":"https:\/\/cactuscar.com\/terminos\/#breadcrumb"},"inLanguage":"es","potentialAction":[{"@type":"ReadAction","target":["https:\/\/cactuscar.com\/terminos\/"]}]},{"@type":"BreadcrumbList","@id":"https:\/\/cactuscar.com\/terminos\/#breadcrumb","itemListElement":[{"@type":"ListItem","position":1,"name":"Inicio","item":"https:\/\/cactuscar.com\/"},{"@type":"ListItem","position":2,"name":"T\u00e9rminos"}]},{"@type":"WebSite","@id":"https:\/\/cactuscar.com\/#website","url":"https:\/\/cactuscar.com\/","name":"Cactus Car","description":"Renta de Autos en Mexico","publisher":{"@id":"https:\/\/cactuscar.com\/#organization"},"potentialAction":[{"@type":"SearchAction","target":{"@type":"EntryPoint","urlTemplate":"https:\/\/cactuscar.com\/?s={search_term_string}"},"query-input":"required name=search_term_string"}],"inLanguage":"es"},{"@type":"Organization","@id":"https:\/\/cactuscar.com\/#organization","name":"Cactus Rent a Car","url":"https:\/\/cactuscar.com\/","logo":{"@type":"ImageObject","inLanguage":"es","@id":"https:\/\/cactuscar.com\/#\/schema\/logo\/image\/","url":"https:\/\/cactuscar.com\/wp-content\/uploads\/2021\/02\/cropped-Logo300x300.png","contentUrl":"https:\/\/cactuscar.com\/wp-content\/uploads\/2021\/02\/cropped-Logo300x300.png","width":512,"height":512,"caption":"Cactus Rent a Car"},"image":{"@id":"https:\/\/cactuscar.com\/#\/schema\/logo\/image\/"},"sameAs":["https:\/\/www.facebook.com\/cactuscar\/?locale=es_LA","https:\/\/www.instagram.com\/cactusrentacar\/?hl=es-la"]}]}},"_links":{"self":[{"href":"https:\/\/cactuscar.com\/es\/wp-json\/wp\/v2\/pages\/640"}],"collection":[{"href":"https:\/\/cactuscar.com\/es\/wp-json\/wp\/v2\/pages"}],"about":[{"href":"https:\/\/cactuscar.com\/es\/wp-json\/wp\/v2\/types\/page"}],"author":[{"embeddable":true,"href":"https:\/\/cactuscar.com\/es\/wp-json\/wp\/v2\/users\/2"}],"replies":[{"embeddable":true,"href":"https:\/\/cactuscar.com\/es\/wp-json\/wp\/v2\/comments?post=640"}],"version-history":[{"count":15,"href":"https:\/\/cactuscar.com\/es\/wp-json\/wp\/v2\/pages\/640\/revisions"}],"predecessor-version":[{"id":20234,"href":"https:\/\/cactuscar.com\/es\/wp-json\/wp\/v2\/pages\/640\/revisions\/20234"}],"wp:attachment":[{"href":"https:\/\/cactuscar.com\/es\/wp-json\/wp\/v2\/media?parent=640"}],"curies":[{"name":"wp","href":"https:\/\/api.w.org\/{rel}","templated":true}]}}